{"id":2146,"date":"2025-12-11T11:08:45","date_gmt":"2025-12-11T14:08:45","guid":{"rendered":"https:\/\/reidastelhas.com.br\/loja\/?post_type=product&#038;p=2146"},"modified":"2025-12-11T11:30:13","modified_gmt":"2025-12-11T14:30:13","slug":"capa-de-muro-casinha-22-x-50","status":"publish","type":"product","link":"https:\/\/reidastelhas.com.br\/loja\/produto\/capa-de-muro-casinha-22-x-50\/","title":{"rendered":"CAPA DE MURO CASINHA"},"content":{"rendered":"<p>A Capa de Muro Casinha\u00a0\u00e9 ideal para proteger e dar acabamento ao topo de muros, garantindo durabilidade, seguran\u00e7a e est\u00e9tica. Produzida em concreto de alta resist\u00eancia, possui o formato \u201ccasinha\u201d (duas \u00e1guas), que facilita o escoamento da \u00e1gua da chuva, evitando infiltra\u00e7\u00f5es e aumentando a vida \u00fatil da estrutura.<\/p>\n","protected":false},"excerpt":{"rendered":"<p>Rendimento: 2 pe\u00e7as por metro linear<\/p>\n","protected":false},"featured_media":2147,"template":"","meta":{"_joinchat":[]},"product_brand":[229],"product_cat":[18,231],"product_tag":[],"class_list":{"0":"post-2146","1":"product","2":"type-product","3":"status-publish","4":"has-post-thumbnail","6":"product_brand-artefatos-schmitt","7":"product_cat-artefatos-de-concreto","8":"product_cat-capa-de-muro","10":"first","11":"instock","12":"shipping-taxable","13":"purchasable","14":"product-type-variable"},"_links":{"self":[{"href":"https:\/\/reidastelhas.com.br\/loja\/wp-json\/wp\/v2\/product\/2146","targetHints":{"allow":["GET"]}}],"collection":[{"href":"https:\/\/reidastelhas.com.br\/loja\/wp-json\/wp\/v2\/product"}],"about":[{"href":"https:\/\/reidastelhas.com.br\/loja\/wp-json\/wp\/v2\/types\/product"}],"wp:featuredmedia":[{"embeddable":true,"href":"https:\/\/reidastelhas.com.br\/loja\/wp-json\/wp\/v2\/media\/2147"}],"wp:attachment":[{"href":"https:\/\/reidastelhas.com.br\/loja\/wp-json\/wp\/v2\/media?parent=2146"}],"wp:term":[{"taxonomy":"product_brand","embeddable":true,"href":"https:\/\/reidastelhas.com.br\/loja\/wp-json\/wp\/v2\/product_brand?post=2146"},{"taxonomy":"product_cat","embeddable":true,"href":"https:\/\/reidastelhas.com.br\/loja\/wp-json\/wp\/v2\/product_cat?post=2146"},{"taxonomy":"product_tag","embeddable":true,"href":"https:\/\/reidastelhas.com.br\/loja\/wp-json\/wp\/v2\/product_tag?post=2146"}],"curies":[{"name":"wp","href":"https:\/\/api.w.org\/{rel}","templated":true}]}}