{"id":2161,"date":"2025-12-11T11:44:05","date_gmt":"2025-12-11T14:44:05","guid":{"rendered":"https:\/\/reidastelhas.com.br\/loja\/?post_type=product&#038;p=2161"},"modified":"2025-12-19T11:06:20","modified_gmt":"2025-12-19T14:06:20","slug":"capa-de-muro-pingadeiragres-50x225","status":"publish","type":"product","link":"https:\/\/reidastelhas.com.br\/loja\/produto\/capa-de-muro-pingadeiragres-50x225\/","title":{"rendered":"capa de muro esmaltada 50&#215;22,5"},"content":{"rendered":"<p>A \u00fanica pingadeira cer\u00e2mica do mercado, possui baixo peso, resist\u00eancia e durabilidade.<\/p>\n","protected":false},"excerpt":{"rendered":"<p>Caixa: 7 pe\u00e7as<br \/>\nRendimento: 3,5 metros linear por caixa<\/p>\n","protected":false},"featured_media":2166,"template":"","meta":{"_joinchat":[]},"product_brand":[109],"product_cat":[18,231],"product_tag":[],"class_list":{"0":"post-2161","1":"product","2":"type-product","3":"status-publish","4":"has-post-thumbnail","6":"product_brand-tettogres","7":"product_cat-artefatos-de-concreto","8":"product_cat-capa-de-muro","10":"first","11":"instock","12":"shipping-taxable","13":"purchasable","14":"product-type-variable"},"_links":{"self":[{"href":"https:\/\/reidastelhas.com.br\/loja\/wp-json\/wp\/v2\/product\/2161","targetHints":{"allow":["GET"]}}],"collection":[{"href":"https:\/\/reidastelhas.com.br\/loja\/wp-json\/wp\/v2\/product"}],"about":[{"href":"https:\/\/reidastelhas.com.br\/loja\/wp-json\/wp\/v2\/types\/product"}],"wp:featuredmedia":[{"embeddable":true,"href":"https:\/\/reidastelhas.com.br\/loja\/wp-json\/wp\/v2\/media\/2166"}],"wp:attachment":[{"href":"https:\/\/reidastelhas.com.br\/loja\/wp-json\/wp\/v2\/media?parent=2161"}],"wp:term":[{"taxonomy":"product_brand","embeddable":true,"href":"https:\/\/reidastelhas.com.br\/loja\/wp-json\/wp\/v2\/product_brand?post=2161"},{"taxonomy":"product_cat","embeddable":true,"href":"https:\/\/reidastelhas.com.br\/loja\/wp-json\/wp\/v2\/product_cat?post=2161"},{"taxonomy":"product_tag","embeddable":true,"href":"https:\/\/reidastelhas.com.br\/loja\/wp-json\/wp\/v2\/product_tag?post=2161"}],"curies":[{"name":"wp","href":"https:\/\/api.w.org\/{rel}","templated":true}]}}