{"id":2179,"date":"2025-12-11T14:17:20","date_gmt":"2025-12-11T17:17:20","guid":{"rendered":"https:\/\/reidastelhas.com.br\/loja\/?post_type=product&#038;p=2179"},"modified":"2025-12-11T14:39:01","modified_gmt":"2025-12-11T17:39:01","slug":"capa-de-muro-plana","status":"publish","type":"product","link":"https:\/\/reidastelhas.com.br\/loja\/produto\/capa-de-muro-plana\/","title":{"rendered":"CAPA DE MURO PLANA"},"content":{"rendered":"<p>A Capa de Muro Plana em Concreto \u00e9 ideal para quem busca um acabamento limpo, moderno e resistente para o topo de muros. Fabricada em concreto de alta resist\u00eancia, ela protege a estrutura contra infiltra\u00e7\u00f5es, desgaste e a\u00e7\u00e3o do tempo, proporcionando durabilidade e um visual uniforme em qualquer tipo de constru\u00e7\u00e3o.<\/p>\n","protected":false},"excerpt":{"rendered":"<p>A Capa de Muro Plana em Concreto \u00e9 ideal para quem busca um acabamento limpo, moderno e resistente para o topo de muros. Fabricada em concreto de alta resist\u00eancia, ela protege a estrutura contra infiltra\u00e7\u00f5es, desgaste e a\u00e7\u00e3o do tempo, proporcionando durabilidade e um visual uniforme em qualquer tipo de constru\u00e7\u00e3o.<\/p>\n","protected":false},"featured_media":2192,"template":"","meta":{"_joinchat":[]},"product_brand":[229],"product_cat":[18,231],"product_tag":[],"class_list":{"0":"post-2179","1":"product","2":"type-product","3":"status-publish","4":"has-post-thumbnail","6":"product_brand-artefatos-schmitt","7":"product_cat-artefatos-de-concreto","8":"product_cat-capa-de-muro","10":"first","11":"instock","12":"shipping-taxable","13":"purchasable","14":"product-type-variable"},"_links":{"self":[{"href":"https:\/\/reidastelhas.com.br\/loja\/wp-json\/wp\/v2\/product\/2179","targetHints":{"allow":["GET"]}}],"collection":[{"href":"https:\/\/reidastelhas.com.br\/loja\/wp-json\/wp\/v2\/product"}],"about":[{"href":"https:\/\/reidastelhas.com.br\/loja\/wp-json\/wp\/v2\/types\/product"}],"wp:featuredmedia":[{"embeddable":true,"href":"https:\/\/reidastelhas.com.br\/loja\/wp-json\/wp\/v2\/media\/2192"}],"wp:attachment":[{"href":"https:\/\/reidastelhas.com.br\/loja\/wp-json\/wp\/v2\/media?parent=2179"}],"wp:term":[{"taxonomy":"product_brand","embeddable":true,"href":"https:\/\/reidastelhas.com.br\/loja\/wp-json\/wp\/v2\/product_brand?post=2179"},{"taxonomy":"product_cat","embeddable":true,"href":"https:\/\/reidastelhas.com.br\/loja\/wp-json\/wp\/v2\/product_cat?post=2179"},{"taxonomy":"product_tag","embeddable":true,"href":"https:\/\/reidastelhas.com.br\/loja\/wp-json\/wp\/v2\/product_tag?post=2179"}],"curies":[{"name":"wp","href":"https:\/\/api.w.org\/{rel}","templated":true}]}}