{"id":2193,"date":"2025-12-11T14:49:08","date_gmt":"2025-12-11T17:49:08","guid":{"rendered":"https:\/\/reidastelhas.com.br\/loja\/?post_type=product&#038;p=2193"},"modified":"2025-12-15T09:15:02","modified_gmt":"2025-12-15T12:15:02","slug":"capa-de-muro-de-barro-vermelha","status":"publish","type":"product","link":"https:\/\/reidastelhas.com.br\/loja\/produto\/capa-de-muro-de-barro-vermelha\/","title":{"rendered":"Capa de muro de barro vermelha"},"content":{"rendered":"<p>A Capa de Muro\u00a0\u00e9 ideal para quem busca um acabamento cl\u00e1ssico, r\u00fastico e altamente funcional para o topo de muros. Produzida em barro cer\u00e2mico de alta qualidade, ela oferece prote\u00e7\u00e3o contra infiltra\u00e7\u00f5es, umidade e desgaste, ao mesmo tempo em que proporciona um visual tradicional e elegante, muito comum em projetos residenciais e fachadas com estilo colonial.<\/p>\n","protected":false},"excerpt":{"rendered":"<p>Rendimento: 4 pe\u00e7as por metro linear<\/p>\n","protected":false},"featured_media":2194,"template":"","meta":{"_joinchat":[]},"product_brand":[],"product_cat":[18,231],"product_tag":[],"class_list":{"0":"post-2193","1":"product","2":"type-product","3":"status-publish","4":"has-post-thumbnail","6":"product_cat-artefatos-de-concreto","7":"product_cat-capa-de-muro","9":"first","10":"instock","11":"shipping-taxable","12":"purchasable","13":"product-type-variable"},"_links":{"self":[{"href":"https:\/\/reidastelhas.com.br\/loja\/wp-json\/wp\/v2\/product\/2193","targetHints":{"allow":["GET"]}}],"collection":[{"href":"https:\/\/reidastelhas.com.br\/loja\/wp-json\/wp\/v2\/product"}],"about":[{"href":"https:\/\/reidastelhas.com.br\/loja\/wp-json\/wp\/v2\/types\/product"}],"wp:featuredmedia":[{"embeddable":true,"href":"https:\/\/reidastelhas.com.br\/loja\/wp-json\/wp\/v2\/media\/2194"}],"wp:attachment":[{"href":"https:\/\/reidastelhas.com.br\/loja\/wp-json\/wp\/v2\/media?parent=2193"}],"wp:term":[{"taxonomy":"product_brand","embeddable":true,"href":"https:\/\/reidastelhas.com.br\/loja\/wp-json\/wp\/v2\/product_brand?post=2193"},{"taxonomy":"product_cat","embeddable":true,"href":"https:\/\/reidastelhas.com.br\/loja\/wp-json\/wp\/v2\/product_cat?post=2193"},{"taxonomy":"product_tag","embeddable":true,"href":"https:\/\/reidastelhas.com.br\/loja\/wp-json\/wp\/v2\/product_tag?post=2193"}],"curies":[{"name":"wp","href":"https:\/\/api.w.org\/{rel}","templated":true}]}}