{"id":2202,"date":"2025-12-17T13:45:52","date_gmt":"2025-12-17T16:45:52","guid":{"rendered":"https:\/\/reidastelhas.com.br\/loja\/?post_type=product&#038;p=2202"},"modified":"2025-12-22T11:20:07","modified_gmt":"2025-12-22T14:20:07","slug":"balcao-de-pia-120mt-marfim-mesclado-premium","status":"publish","type":"product","link":"https:\/\/reidastelhas.com.br\/loja\/produto\/balcao-de-pia-120mt-marfim-mesclado-premium\/","title":{"rendered":"balc\u00e3o de Pia 1,20mt marfim mesclado premium"},"content":{"rendered":"<p>O Balc\u00e3o de Pia Premium \u00e9 a escolha ideal para quem busca beleza, resist\u00eancia e funcionalidade na cozinha ou \u00e1rea de servi\u00e7o. Com acabamento sofisticado em marfim mesclado, ele valoriza o ambiente e combina facilmente com diversos estilos de decora\u00e7\u00e3o.<\/p>\n","protected":false},"excerpt":{"rendered":"<p>Medida: 1,20 metros<\/p>\n","protected":false},"featured_media":2204,"template":"","meta":{"_joinchat":[]},"product_brand":[223],"product_cat":[34],"product_tag":[],"class_list":{"0":"post-2202","1":"product","2":"type-product","3":"status-publish","4":"has-post-thumbnail","6":"product_brand-fortecol","7":"product_cat-balcao-de-pia","9":"first","10":"instock","11":"shipping-taxable","12":"purchasable","13":"product-type-simple"},"_links":{"self":[{"href":"https:\/\/reidastelhas.com.br\/loja\/wp-json\/wp\/v2\/product\/2202","targetHints":{"allow":["GET"]}}],"collection":[{"href":"https:\/\/reidastelhas.com.br\/loja\/wp-json\/wp\/v2\/product"}],"about":[{"href":"https:\/\/reidastelhas.com.br\/loja\/wp-json\/wp\/v2\/types\/product"}],"wp:featuredmedia":[{"embeddable":true,"href":"https:\/\/reidastelhas.com.br\/loja\/wp-json\/wp\/v2\/media\/2204"}],"wp:attachment":[{"href":"https:\/\/reidastelhas.com.br\/loja\/wp-json\/wp\/v2\/media?parent=2202"}],"wp:term":[{"taxonomy":"product_brand","embeddable":true,"href":"https:\/\/reidastelhas.com.br\/loja\/wp-json\/wp\/v2\/product_brand?post=2202"},{"taxonomy":"product_cat","embeddable":true,"href":"https:\/\/reidastelhas.com.br\/loja\/wp-json\/wp\/v2\/product_cat?post=2202"},{"taxonomy":"product_tag","embeddable":true,"href":"https:\/\/reidastelhas.com.br\/loja\/wp-json\/wp\/v2\/product_tag?post=2202"}],"curies":[{"name":"wp","href":"https:\/\/api.w.org\/{rel}","templated":true}]}}