{"id":2215,"date":"2025-12-17T13:59:48","date_gmt":"2025-12-17T16:59:48","guid":{"rendered":"https:\/\/reidastelhas.com.br\/loja\/?post_type=product&#038;p=2215"},"modified":"2025-12-17T13:59:48","modified_gmt":"2025-12-17T16:59:48","slug":"lareira-natural-canto-media","status":"publish","type":"product","link":"https:\/\/reidastelhas.com.br\/loja\/produto\/lareira-natural-canto-media\/","title":{"rendered":"LAREIRA NATURAL CANTO MEDIA"},"content":{"rendered":"<p>A Lareira Natural de Canto M\u00e9dia \u00e9 a escolha ideal para quem deseja aconchego, eleg\u00e2ncia e aproveitamento inteligente do espa\u00e7o. Seu formato de canto permite uma instala\u00e7\u00e3o pr\u00e1tica, valorizando o ambiente sem comprometer a circula\u00e7\u00e3o, sendo perfeita para salas de estar, \u00e1reas gourmet e espa\u00e7os internos.<\/p>\n","protected":false},"excerpt":{"rendered":"<p>A Lareira Natural de Canto M\u00e9dia \u00e9 a escolha ideal para quem deseja aconchego, eleg\u00e2ncia e aproveitamento inteligente do espa\u00e7o. Seu formato de canto permite uma instala\u00e7\u00e3o pr\u00e1tica, valorizando o ambiente sem comprometer a circula\u00e7\u00e3o, sendo perfeita para salas de estar, \u00e1reas gourmet e espa\u00e7os internos.<\/p>\n","protected":false},"featured_media":2216,"template":"","meta":{"_joinchat":[]},"product_brand":[224],"product_cat":[32],"product_tag":[],"class_list":{"0":"post-2215","1":"product","2":"type-product","3":"status-publish","4":"has-post-thumbnail","6":"product_brand-laurindos","7":"product_cat-lareira","9":"first","10":"instock","11":"shipping-taxable","12":"purchasable","13":"product-type-simple"},"_links":{"self":[{"href":"https:\/\/reidastelhas.com.br\/loja\/wp-json\/wp\/v2\/product\/2215","targetHints":{"allow":["GET"]}}],"collection":[{"href":"https:\/\/reidastelhas.com.br\/loja\/wp-json\/wp\/v2\/product"}],"about":[{"href":"https:\/\/reidastelhas.com.br\/loja\/wp-json\/wp\/v2\/types\/product"}],"wp:featuredmedia":[{"embeddable":true,"href":"https:\/\/reidastelhas.com.br\/loja\/wp-json\/wp\/v2\/media\/2216"}],"wp:attachment":[{"href":"https:\/\/reidastelhas.com.br\/loja\/wp-json\/wp\/v2\/media?parent=2215"}],"wp:term":[{"taxonomy":"product_brand","embeddable":true,"href":"https:\/\/reidastelhas.com.br\/loja\/wp-json\/wp\/v2\/product_brand?post=2215"},{"taxonomy":"product_cat","embeddable":true,"href":"https:\/\/reidastelhas.com.br\/loja\/wp-json\/wp\/v2\/product_cat?post=2215"},{"taxonomy":"product_tag","embeddable":true,"href":"https:\/\/reidastelhas.com.br\/loja\/wp-json\/wp\/v2\/product_tag?post=2215"}],"curies":[{"name":"wp","href":"https:\/\/api.w.org\/{rel}","templated":true}]}}