{"id":2217,"date":"2025-12-17T14:05:36","date_gmt":"2025-12-17T17:05:36","guid":{"rendered":"https:\/\/reidastelhas.com.br\/loja\/?post_type=product&#038;p=2217"},"modified":"2025-12-17T14:05:36","modified_gmt":"2025-12-17T17:05:36","slug":"lareira-natural-canto-grande","status":"publish","type":"product","link":"https:\/\/reidastelhas.com.br\/loja\/produto\/lareira-natural-canto-grande\/","title":{"rendered":"LAREIRA NATURAL CANTO GRANDE"},"content":{"rendered":"<p>A Lareira Natural de Canto Grande \u00e9 ideal para quem busca impacto visual, aconchego e sofistica\u00e7\u00e3o em ambientes amplos. Seu design de canto permite um excelente aproveitamento do espa\u00e7o, tornando-se o destaque da decora\u00e7\u00e3o em salas de estar, \u00e1reas gourmet e espa\u00e7os integrados.<\/p>\n","protected":false},"excerpt":{"rendered":"<p>A Lareira Natural de Canto Grande \u00e9 ideal para quem busca impacto visual, aconchego e sofistica\u00e7\u00e3o em ambientes amplos. Seu design de canto permite um excelente aproveitamento do espa\u00e7o, tornando-se o destaque da decora\u00e7\u00e3o em salas de estar, \u00e1reas gourmet e espa\u00e7os integrados.<\/p>\n","protected":false},"featured_media":2218,"template":"","meta":{"_joinchat":[]},"product_brand":[224],"product_cat":[32],"product_tag":[],"class_list":{"0":"post-2217","1":"product","2":"type-product","3":"status-publish","4":"has-post-thumbnail","6":"product_brand-laurindos","7":"product_cat-lareira","9":"first","10":"instock","11":"shipping-taxable","12":"purchasable","13":"product-type-simple"},"_links":{"self":[{"href":"https:\/\/reidastelhas.com.br\/loja\/wp-json\/wp\/v2\/product\/2217","targetHints":{"allow":["GET"]}}],"collection":[{"href":"https:\/\/reidastelhas.com.br\/loja\/wp-json\/wp\/v2\/product"}],"about":[{"href":"https:\/\/reidastelhas.com.br\/loja\/wp-json\/wp\/v2\/types\/product"}],"wp:featuredmedia":[{"embeddable":true,"href":"https:\/\/reidastelhas.com.br\/loja\/wp-json\/wp\/v2\/media\/2218"}],"wp:attachment":[{"href":"https:\/\/reidastelhas.com.br\/loja\/wp-json\/wp\/v2\/media?parent=2217"}],"wp:term":[{"taxonomy":"product_brand","embeddable":true,"href":"https:\/\/reidastelhas.com.br\/loja\/wp-json\/wp\/v2\/product_brand?post=2217"},{"taxonomy":"product_cat","embeddable":true,"href":"https:\/\/reidastelhas.com.br\/loja\/wp-json\/wp\/v2\/product_cat?post=2217"},{"taxonomy":"product_tag","embeddable":true,"href":"https:\/\/reidastelhas.com.br\/loja\/wp-json\/wp\/v2\/product_tag?post=2217"}],"curies":[{"name":"wp","href":"https:\/\/api.w.org\/{rel}","templated":true}]}}