{"id":2229,"date":"2025-12-17T14:18:27","date_gmt":"2025-12-17T17:18:27","guid":{"rendered":"https:\/\/reidastelhas.com.br\/loja\/?post_type=product&#038;p=2229"},"modified":"2025-12-17T14:18:28","modified_gmt":"2025-12-17T17:18:28","slug":"chapa-ferro-fundido-59-x-49-preto","status":"publish","type":"product","link":"https:\/\/reidastelhas.com.br\/loja\/produto\/chapa-ferro-fundido-59-x-49-preto\/","title":{"rendered":"CHAPA FERRO FUNDIDO 59 x 49 PRETO"},"content":{"rendered":"<p>Ideal para quem aprecia uma deliciosa comida caseira feita no fog\u00e3o a lenha. Chapa para fog\u00e3o \u00e0 lenha, alta durabilidade, reten\u00e7\u00e3o de calor, alta qualidade!<\/p>\n","protected":false},"excerpt":{"rendered":"<p>Dimens\u00f5es do produto:<\/p>\n<p>Comprimento: 59,5cm<br \/>\nLargura: 49cm<br \/>\nEspessura: 2cm<br \/>\nPeso: 11,350 Kg<br \/>\nMaterial: Ferro Fundido de alta qualidade<\/p>\n","protected":false},"featured_media":2232,"template":"","meta":{"_joinchat":[]},"product_brand":[224],"product_cat":[37],"product_tag":[],"class_list":{"0":"post-2229","1":"product","2":"type-product","3":"status-publish","4":"has-post-thumbnail","6":"product_brand-laurindos","7":"product_cat-chapas","9":"first","10":"instock","11":"shipping-taxable","12":"purchasable","13":"product-type-simple"},"_links":{"self":[{"href":"https:\/\/reidastelhas.com.br\/loja\/wp-json\/wp\/v2\/product\/2229","targetHints":{"allow":["GET"]}}],"collection":[{"href":"https:\/\/reidastelhas.com.br\/loja\/wp-json\/wp\/v2\/product"}],"about":[{"href":"https:\/\/reidastelhas.com.br\/loja\/wp-json\/wp\/v2\/types\/product"}],"wp:featuredmedia":[{"embeddable":true,"href":"https:\/\/reidastelhas.com.br\/loja\/wp-json\/wp\/v2\/media\/2232"}],"wp:attachment":[{"href":"https:\/\/reidastelhas.com.br\/loja\/wp-json\/wp\/v2\/media?parent=2229"}],"wp:term":[{"taxonomy":"product_brand","embeddable":true,"href":"https:\/\/reidastelhas.com.br\/loja\/wp-json\/wp\/v2\/product_brand?post=2229"},{"taxonomy":"product_cat","embeddable":true,"href":"https:\/\/reidastelhas.com.br\/loja\/wp-json\/wp\/v2\/product_cat?post=2229"},{"taxonomy":"product_tag","embeddable":true,"href":"https:\/\/reidastelhas.com.br\/loja\/wp-json\/wp\/v2\/product_tag?post=2229"}],"curies":[{"name":"wp","href":"https:\/\/api.w.org\/{rel}","templated":true}]}}