{"id":2236,"date":"2025-12-17T14:23:28","date_gmt":"2025-12-17T17:23:28","guid":{"rendered":"https:\/\/reidastelhas.com.br\/loja\/?post_type=product&#038;p=2236"},"modified":"2025-12-17T14:32:03","modified_gmt":"2025-12-17T17:32:03","slug":"forno-ferro-fundido-grande-tampa-ferro-preto-59x45","status":"publish","type":"product","link":"https:\/\/reidastelhas.com.br\/loja\/produto\/forno-ferro-fundido-grande-tampa-ferro-preto-59x45\/","title":{"rendered":"FORNO FERRO FUNDIDO GRANDE TAMPA FERRO PRETO 59&#215;45"},"content":{"rendered":"<p>Forno todo em Ferro Fundido de \u00f3tima qualidade e alta durabilidade, se bem cuidado dura gera\u00e7\u00f5es!!!<br \/>\nFrente de Aba Larga, o melhor do mercado, facilita e fica muito mais bonito depois de pronto<\/p>\n","protected":false},"excerpt":{"rendered":"<p>Dimens\u00f5es Frente:<br \/>\nLargura: 59cm<br \/>\nAltura: 45cm<\/p>\n<p>Dimens\u00f5es Caixote Ferro Fundido:<br \/>\nProfundidade: 50cm<br \/>\nLargura: 47cm<br \/>\nAltura: 32,5cm<br \/>\nPeso: 48 Kg<\/p>\n","protected":false},"featured_media":2241,"template":"","meta":{"_joinchat":[]},"product_brand":[224],"product_cat":[30],"product_tag":[],"class_list":{"0":"post-2236","1":"product","2":"type-product","3":"status-publish","4":"has-post-thumbnail","6":"product_brand-laurindos","7":"product_cat-fornos-e-fogoes","9":"first","10":"instock","11":"shipping-taxable","12":"purchasable","13":"product-type-simple"},"_links":{"self":[{"href":"https:\/\/reidastelhas.com.br\/loja\/wp-json\/wp\/v2\/product\/2236","targetHints":{"allow":["GET"]}}],"collection":[{"href":"https:\/\/reidastelhas.com.br\/loja\/wp-json\/wp\/v2\/product"}],"about":[{"href":"https:\/\/reidastelhas.com.br\/loja\/wp-json\/wp\/v2\/types\/product"}],"wp:featuredmedia":[{"embeddable":true,"href":"https:\/\/reidastelhas.com.br\/loja\/wp-json\/wp\/v2\/media\/2241"}],"wp:attachment":[{"href":"https:\/\/reidastelhas.com.br\/loja\/wp-json\/wp\/v2\/media?parent=2236"}],"wp:term":[{"taxonomy":"product_brand","embeddable":true,"href":"https:\/\/reidastelhas.com.br\/loja\/wp-json\/wp\/v2\/product_brand?post=2236"},{"taxonomy":"product_cat","embeddable":true,"href":"https:\/\/reidastelhas.com.br\/loja\/wp-json\/wp\/v2\/product_cat?post=2236"},{"taxonomy":"product_tag","embeddable":true,"href":"https:\/\/reidastelhas.com.br\/loja\/wp-json\/wp\/v2\/product_tag?post=2236"}],"curies":[{"name":"wp","href":"https:\/\/api.w.org\/{rel}","templated":true}]}}