{"id":2282,"date":"2025-12-18T09:21:03","date_gmt":"2025-12-18T12:21:03","guid":{"rendered":"https:\/\/reidastelhas.com.br\/loja\/?post_type=product&#038;p=2282"},"modified":"2025-12-18T09:21:04","modified_gmt":"2025-12-18T12:21:04","slug":"pisante-pe","status":"publish","type":"product","link":"https:\/\/reidastelhas.com.br\/loja\/produto\/pisante-pe\/","title":{"rendered":"PISANTE P\u00c9"},"content":{"rendered":"<p data-start=\"86\" data-end=\"360\">Os pisantes de concreto para jardins s\u00e3o uma alternativa econ\u00f4mica e funcional para criar caminhos de acesso sem a necessidade de pisar diretamente na grama ou na terra. Al\u00e9m de facilitar a circula\u00e7\u00e3o, eles ajudam a preservar a vegeta\u00e7\u00e3o e manter o jardim sempre organizado.<\/p>\n<p data-start=\"362\" data-end=\"691\">Muito utilizados em \u00e1reas externas, os pisantes de concreto servem para indicar e dar acesso a locais espec\u00edficos do jardim, sem causar danos ao solo ou \u00e0s plantas. Tamb\u00e9m podem ser aplicados para sinalizar caminhos at\u00e9 a casa, garagem, \u00e1rea de lazer, piscina, entre outros ambientes, unindo praticidade, durabilidade e est\u00e9tica.<\/p>\n","protected":false},"excerpt":{"rendered":"<p>Dois tamanhos dispon\u00edveis!<\/p>\n","protected":false},"featured_media":2283,"template":"","meta":{"_joinchat":[]},"product_brand":[229],"product_cat":[22],"product_tag":[],"class_list":{"0":"post-2282","1":"product","2":"type-product","3":"status-publish","4":"has-post-thumbnail","6":"product_brand-artefatos-schmitt","7":"product_cat-pisantes","9":"first","10":"instock","11":"shipping-taxable","12":"purchasable","13":"product-type-variable"},"_links":{"self":[{"href":"https:\/\/reidastelhas.com.br\/loja\/wp-json\/wp\/v2\/product\/2282","targetHints":{"allow":["GET"]}}],"collection":[{"href":"https:\/\/reidastelhas.com.br\/loja\/wp-json\/wp\/v2\/product"}],"about":[{"href":"https:\/\/reidastelhas.com.br\/loja\/wp-json\/wp\/v2\/types\/product"}],"wp:featuredmedia":[{"embeddable":true,"href":"https:\/\/reidastelhas.com.br\/loja\/wp-json\/wp\/v2\/media\/2283"}],"wp:attachment":[{"href":"https:\/\/reidastelhas.com.br\/loja\/wp-json\/wp\/v2\/media?parent=2282"}],"wp:term":[{"taxonomy":"product_brand","embeddable":true,"href":"https:\/\/reidastelhas.com.br\/loja\/wp-json\/wp\/v2\/product_brand?post=2282"},{"taxonomy":"product_cat","embeddable":true,"href":"https:\/\/reidastelhas.com.br\/loja\/wp-json\/wp\/v2\/product_cat?post=2282"},{"taxonomy":"product_tag","embeddable":true,"href":"https:\/\/reidastelhas.com.br\/loja\/wp-json\/wp\/v2\/product_tag?post=2282"}],"curies":[{"name":"wp","href":"https:\/\/api.w.org\/{rel}","templated":true}]}}