{"id":2288,"date":"2025-12-18T10:55:25","date_gmt":"2025-12-18T13:55:25","guid":{"rendered":"https:\/\/reidastelhas.com.br\/loja\/?post_type=product&#038;p=2288"},"modified":"2025-12-18T10:55:26","modified_gmt":"2025-12-18T13:55:26","slug":"pisante-borboleta","status":"publish","type":"product","link":"https:\/\/reidastelhas.com.br\/loja\/produto\/pisante-borboleta\/","title":{"rendered":"PISANTE BORBOLETA"},"content":{"rendered":"<p>O Pisante Borboleta \u00e9 a solu\u00e7\u00e3o ideal para quem deseja criar caminhos funcionais e decorativos em \u00e1reas externas, sem danificar a grama ou a vegeta\u00e7\u00e3o. Com design em formato de borboleta, ele agrega charme e personalidade ao jardim, unindo est\u00e9tica e praticidade. Eles podem ser utilizados tamb\u00e9m para indicar o caminho da casa, da garagem, da \u00e1rea de lazer, da piscina e entre outros.<\/p>\n","protected":false},"excerpt":{"rendered":"<p>O Pisante Borboleta \u00e9 a solu\u00e7\u00e3o ideal para quem deseja criar caminhos funcionais e decorativos em \u00e1reas externas, sem danificar a grama ou a vegeta\u00e7\u00e3o. Com design em formato de borboleta, ele agrega charme e personalidade ao jardim, unindo est\u00e9tica e praticidade. Eles podem ser utilizados tamb\u00e9m para indicar o caminho da casa, da garagem, [&hellip;]<\/p>\n","protected":false},"featured_media":2289,"template":"","meta":{"_joinchat":[]},"product_brand":[229],"product_cat":[18,22],"product_tag":[],"class_list":{"0":"post-2288","1":"product","2":"type-product","3":"status-publish","4":"has-post-thumbnail","6":"product_brand-artefatos-schmitt","7":"product_cat-artefatos-de-concreto","8":"product_cat-pisantes","10":"first","11":"instock","12":"shipping-taxable","13":"purchasable","14":"product-type-simple"},"_links":{"self":[{"href":"https:\/\/reidastelhas.com.br\/loja\/wp-json\/wp\/v2\/product\/2288","targetHints":{"allow":["GET"]}}],"collection":[{"href":"https:\/\/reidastelhas.com.br\/loja\/wp-json\/wp\/v2\/product"}],"about":[{"href":"https:\/\/reidastelhas.com.br\/loja\/wp-json\/wp\/v2\/types\/product"}],"wp:featuredmedia":[{"embeddable":true,"href":"https:\/\/reidastelhas.com.br\/loja\/wp-json\/wp\/v2\/media\/2289"}],"wp:attachment":[{"href":"https:\/\/reidastelhas.com.br\/loja\/wp-json\/wp\/v2\/media?parent=2288"}],"wp:term":[{"taxonomy":"product_brand","embeddable":true,"href":"https:\/\/reidastelhas.com.br\/loja\/wp-json\/wp\/v2\/product_brand?post=2288"},{"taxonomy":"product_cat","embeddable":true,"href":"https:\/\/reidastelhas.com.br\/loja\/wp-json\/wp\/v2\/product_cat?post=2288"},{"taxonomy":"product_tag","embeddable":true,"href":"https:\/\/reidastelhas.com.br\/loja\/wp-json\/wp\/v2\/product_tag?post=2288"}],"curies":[{"name":"wp","href":"https:\/\/api.w.org\/{rel}","templated":true}]}}