{"id":2295,"date":"2025-12-18T11:05:57","date_gmt":"2025-12-18T14:05:57","guid":{"rendered":"https:\/\/reidastelhas.com.br\/loja\/?post_type=product&#038;p=2295"},"modified":"2025-12-18T11:05:57","modified_gmt":"2025-12-18T14:05:57","slug":"pisante-de-folha","status":"publish","type":"product","link":"https:\/\/reidastelhas.com.br\/loja\/produto\/pisante-de-folha\/","title":{"rendered":"PISANTE DE FOLHA"},"content":{"rendered":"<p>O Pisante de Folha de Concreto \u00e9 ideal para quem busca praticidade e beleza na cria\u00e7\u00e3o de caminhos em jardins e \u00e1reas externas. Com design inspirado em folha, ele traz um visual natural e harmonioso ao ambiente, permitindo a circula\u00e7\u00e3o sem danificar a grama ou a vegeta\u00e7\u00e3o.<\/p>\n","protected":false},"excerpt":{"rendered":"<p>O Pisante de Folha de Concreto \u00e9 ideal para quem busca praticidade e beleza na cria\u00e7\u00e3o de caminhos em jardins e \u00e1reas externas. Com design inspirado em folha, ele traz um visual natural e harmonioso ao ambiente, permitindo a circula\u00e7\u00e3o sem danificar a grama ou a vegeta\u00e7\u00e3o.<\/p>\n","protected":false},"featured_media":2296,"template":"","meta":{"_joinchat":[]},"product_brand":[229],"product_cat":[18,22],"product_tag":[],"class_list":{"0":"post-2295","1":"product","2":"type-product","3":"status-publish","4":"has-post-thumbnail","6":"product_brand-artefatos-schmitt","7":"product_cat-artefatos-de-concreto","8":"product_cat-pisantes","10":"first","11":"instock","12":"shipping-taxable","13":"purchasable","14":"product-type-simple"},"_links":{"self":[{"href":"https:\/\/reidastelhas.com.br\/loja\/wp-json\/wp\/v2\/product\/2295","targetHints":{"allow":["GET"]}}],"collection":[{"href":"https:\/\/reidastelhas.com.br\/loja\/wp-json\/wp\/v2\/product"}],"about":[{"href":"https:\/\/reidastelhas.com.br\/loja\/wp-json\/wp\/v2\/types\/product"}],"wp:featuredmedia":[{"embeddable":true,"href":"https:\/\/reidastelhas.com.br\/loja\/wp-json\/wp\/v2\/media\/2296"}],"wp:attachment":[{"href":"https:\/\/reidastelhas.com.br\/loja\/wp-json\/wp\/v2\/media?parent=2295"}],"wp:term":[{"taxonomy":"product_brand","embeddable":true,"href":"https:\/\/reidastelhas.com.br\/loja\/wp-json\/wp\/v2\/product_brand?post=2295"},{"taxonomy":"product_cat","embeddable":true,"href":"https:\/\/reidastelhas.com.br\/loja\/wp-json\/wp\/v2\/product_cat?post=2295"},{"taxonomy":"product_tag","embeddable":true,"href":"https:\/\/reidastelhas.com.br\/loja\/wp-json\/wp\/v2\/product_tag?post=2295"}],"curies":[{"name":"wp","href":"https:\/\/api.w.org\/{rel}","templated":true}]}}