{"id":2302,"date":"2025-12-18T11:14:14","date_gmt":"2025-12-18T14:14:14","guid":{"rendered":"https:\/\/reidastelhas.com.br\/loja\/?post_type=product&#038;p=2302"},"modified":"2025-12-18T11:14:14","modified_gmt":"2025-12-18T14:14:14","slug":"chapa-de-aluminio","status":"publish","type":"product","link":"https:\/\/reidastelhas.com.br\/loja\/produto\/chapa-de-aluminio\/","title":{"rendered":"Chapa de alum\u00ednio"},"content":{"rendered":"<p>Chapa de alum\u00ednio \u00e9 perfeita para voc\u00ea que quer trocar sua chapa de fog\u00e3o a lenha unindo qualidade, beleza e durabilidade em um \u00fanico s\u00f3 produto.\u00a0com seu acabamento\u00a0brilhoso\u00a0e material de\u00a0qualidade\u00a0garantem a\u00a0beleza e durabilidade\u00a0deste produto, al\u00e9m de manter o seu ambiente\u00a0sempre aquecido. tamb\u00e9m contando com\u00a0f\u00e1cil instala\u00e7\u00e3o e limpeza, n\u00e3o precisa lixar.<\/p>\n","protected":false},"excerpt":{"rendered":"<p>Chapa de alum\u00ednio \u00e9 perfeita para voc\u00ea que quer trocar sua chapa de fog\u00e3o a lenha unindo qualidade, beleza e durabilidade em um \u00fanico s\u00f3 produto.\u00a0com seu acabamento\u00a0brilhoso\u00a0e material de\u00a0qualidade\u00a0garantem a\u00a0beleza e durabilidade\u00a0deste produto, al\u00e9m de manter o seu ambiente\u00a0sempre aquecido. tamb\u00e9m contando com\u00a0f\u00e1cil instala\u00e7\u00e3o e limpeza, n\u00e3o precisa lixar.<\/p>\n","protected":false},"featured_media":2305,"template":"","meta":{"_joinchat":[]},"product_brand":[233],"product_cat":[36,37],"product_tag":[],"class_list":{"0":"post-2302","1":"product","2":"type-product","3":"status-publish","4":"has-post-thumbnail","6":"product_brand-patria","7":"product_cat-acessorios-gourmet","8":"product_cat-chapas","10":"first","11":"instock","12":"shipping-taxable","13":"purchasable","14":"product-type-variable"},"_links":{"self":[{"href":"https:\/\/reidastelhas.com.br\/loja\/wp-json\/wp\/v2\/product\/2302","targetHints":{"allow":["GET"]}}],"collection":[{"href":"https:\/\/reidastelhas.com.br\/loja\/wp-json\/wp\/v2\/product"}],"about":[{"href":"https:\/\/reidastelhas.com.br\/loja\/wp-json\/wp\/v2\/types\/product"}],"wp:featuredmedia":[{"embeddable":true,"href":"https:\/\/reidastelhas.com.br\/loja\/wp-json\/wp\/v2\/media\/2305"}],"wp:attachment":[{"href":"https:\/\/reidastelhas.com.br\/loja\/wp-json\/wp\/v2\/media?parent=2302"}],"wp:term":[{"taxonomy":"product_brand","embeddable":true,"href":"https:\/\/reidastelhas.com.br\/loja\/wp-json\/wp\/v2\/product_brand?post=2302"},{"taxonomy":"product_cat","embeddable":true,"href":"https:\/\/reidastelhas.com.br\/loja\/wp-json\/wp\/v2\/product_cat?post=2302"},{"taxonomy":"product_tag","embeddable":true,"href":"https:\/\/reidastelhas.com.br\/loja\/wp-json\/wp\/v2\/product_tag?post=2302"}],"curies":[{"name":"wp","href":"https:\/\/api.w.org\/{rel}","templated":true}]}}