{"id":2311,"date":"2025-12-18T11:47:02","date_gmt":"2025-12-18T14:47:02","guid":{"rendered":"https:\/\/reidastelhas.com.br\/loja\/?post_type=product&#038;p=2311"},"modified":"2025-12-18T11:47:03","modified_gmt":"2025-12-18T14:47:03","slug":"pisante-de-girassol","status":"publish","type":"product","link":"https:\/\/reidastelhas.com.br\/loja\/produto\/pisante-de-girassol\/","title":{"rendered":"PISANTE DE GIRASSOL"},"content":{"rendered":"<p>O Pisante de Girassol de Concreto \u00e9 ideal para quem busca unir funcionalidade e beleza na cria\u00e7\u00e3o de caminhos em jardins e \u00e1reas externas. Com design inspirado no girassol, ele traz um visual alegre e decorativo ao paisagismo, permitindo a circula\u00e7\u00e3o sem danificar a grama ou a vegeta\u00e7\u00e3o.<\/p>\n","protected":false},"excerpt":{"rendered":"<p>O Pisante de Girassol de Concreto \u00e9 ideal para quem busca unir funcionalidade e beleza na cria\u00e7\u00e3o de caminhos em jardins e \u00e1reas externas. Com design inspirado no girassol, ele traz um visual alegre e decorativo ao paisagismo, permitindo a circula\u00e7\u00e3o sem danificar a grama ou a vegeta\u00e7\u00e3o.<\/p>\n","protected":false},"featured_media":2312,"template":"","meta":{"_joinchat":[]},"product_brand":[229],"product_cat":[18,22],"product_tag":[],"class_list":{"0":"post-2311","1":"product","2":"type-product","3":"status-publish","4":"has-post-thumbnail","6":"product_brand-artefatos-schmitt","7":"product_cat-artefatos-de-concreto","8":"product_cat-pisantes","10":"first","11":"instock","12":"shipping-taxable","13":"purchasable","14":"product-type-variable"},"_links":{"self":[{"href":"https:\/\/reidastelhas.com.br\/loja\/wp-json\/wp\/v2\/product\/2311","targetHints":{"allow":["GET"]}}],"collection":[{"href":"https:\/\/reidastelhas.com.br\/loja\/wp-json\/wp\/v2\/product"}],"about":[{"href":"https:\/\/reidastelhas.com.br\/loja\/wp-json\/wp\/v2\/types\/product"}],"wp:featuredmedia":[{"embeddable":true,"href":"https:\/\/reidastelhas.com.br\/loja\/wp-json\/wp\/v2\/media\/2312"}],"wp:attachment":[{"href":"https:\/\/reidastelhas.com.br\/loja\/wp-json\/wp\/v2\/media?parent=2311"}],"wp:term":[{"taxonomy":"product_brand","embeddable":true,"href":"https:\/\/reidastelhas.com.br\/loja\/wp-json\/wp\/v2\/product_brand?post=2311"},{"taxonomy":"product_cat","embeddable":true,"href":"https:\/\/reidastelhas.com.br\/loja\/wp-json\/wp\/v2\/product_cat?post=2311"},{"taxonomy":"product_tag","embeddable":true,"href":"https:\/\/reidastelhas.com.br\/loja\/wp-json\/wp\/v2\/product_tag?post=2311"}],"curies":[{"name":"wp","href":"https:\/\/api.w.org\/{rel}","templated":true}]}}