{"id":2322,"date":"2025-12-18T14:22:24","date_gmt":"2025-12-18T17:22:24","guid":{"rendered":"https:\/\/reidastelhas.com.br\/loja\/?post_type=product&#038;p=2322"},"modified":"2025-12-18T14:23:59","modified_gmt":"2025-12-18T17:23:59","slug":"2322","status":"publish","type":"product","link":"https:\/\/reidastelhas.com.br\/loja\/produto\/2322\/","title":{"rendered":"PISANTE DE MANDEIRA PINTADO"},"content":{"rendered":"<p>O Pisante de Madeira Pintado de Concreto \u00e9 a escolha ideal para quem busca a apar\u00eancia r\u00fastica da madeira com a resist\u00eancia e durabilidade do concreto. Com acabamento pintado que imita madeira, ele proporciona um visual elegante e natural ao jardim, sem os cuidados e desgastes da madeira natural.<\/p>\n","protected":false},"excerpt":{"rendered":"<p>O Pisante de Madeira Pintado de Concreto \u00e9 a escolha ideal para quem busca a apar\u00eancia r\u00fastica da madeira com a resist\u00eancia e durabilidade do concreto. Com acabamento pintado que imita madeira, ele proporciona um visual elegante e natural ao jardim, sem os cuidados e desgastes da madeira natural.<\/p>\n","protected":false},"featured_media":2326,"template":"","meta":{"_joinchat":[]},"product_brand":[229],"product_cat":[18,22],"product_tag":[],"class_list":{"0":"post-2322","1":"product","2":"type-product","3":"status-publish","4":"has-post-thumbnail","6":"product_brand-artefatos-schmitt","7":"product_cat-artefatos-de-concreto","8":"product_cat-pisantes","10":"first","11":"instock","12":"shipping-taxable","13":"purchasable","14":"product-type-simple"},"_links":{"self":[{"href":"https:\/\/reidastelhas.com.br\/loja\/wp-json\/wp\/v2\/product\/2322","targetHints":{"allow":["GET"]}}],"collection":[{"href":"https:\/\/reidastelhas.com.br\/loja\/wp-json\/wp\/v2\/product"}],"about":[{"href":"https:\/\/reidastelhas.com.br\/loja\/wp-json\/wp\/v2\/types\/product"}],"wp:featuredmedia":[{"embeddable":true,"href":"https:\/\/reidastelhas.com.br\/loja\/wp-json\/wp\/v2\/media\/2326"}],"wp:attachment":[{"href":"https:\/\/reidastelhas.com.br\/loja\/wp-json\/wp\/v2\/media?parent=2322"}],"wp:term":[{"taxonomy":"product_brand","embeddable":true,"href":"https:\/\/reidastelhas.com.br\/loja\/wp-json\/wp\/v2\/product_brand?post=2322"},{"taxonomy":"product_cat","embeddable":true,"href":"https:\/\/reidastelhas.com.br\/loja\/wp-json\/wp\/v2\/product_cat?post=2322"},{"taxonomy":"product_tag","embeddable":true,"href":"https:\/\/reidastelhas.com.br\/loja\/wp-json\/wp\/v2\/product_tag?post=2322"}],"curies":[{"name":"wp","href":"https:\/\/api.w.org\/{rel}","templated":true}]}}