{"id":2329,"date":"2025-12-19T13:59:38","date_gmt":"2025-12-19T16:59:38","guid":{"rendered":"https:\/\/reidastelhas.com.br\/loja\/?post_type=product&#038;p=2329"},"modified":"2025-12-19T13:59:38","modified_gmt":"2025-12-19T16:59:38","slug":"forninho-de-inox-premium-37-x-31-x-50","status":"publish","type":"product","link":"https:\/\/reidastelhas.com.br\/loja\/produto\/forninho-de-inox-premium-37-x-31-x-50\/","title":{"rendered":"Forninho de inox premium 37 x 31 x 50"},"content":{"rendered":"<p>Com seu material\u00a0dur\u00e1vel\u00a0e est\u00e9tica\u00a0invej\u00e1vel, os forninhos de inox premium chegaram para deixar o seu ambiente mais aconchegante. Com o forninho campeiro\u00a0voc\u00ea pode degustar alimentos\u00a0deliciosos\u00a0com a sua fam\u00edlia e amigos.<\/p>\n<p>INFORMA\u00c7\u00d5ES T\u00c9CNICAS:<\/p>\n<ul>\n<li>porta em\u00a0<strong>ferro fundido<\/strong><\/li>\n<\/ul>\n<ul>\n<li>visor em vidro temperado<\/li>\n<\/ul>\n<ul>\n<li>c<strong>orpo e interno em inox 430 espessura 0.6mm<\/strong><\/li>\n<\/ul>\n<ul>\n<li>possui 2 grelhas de eleva\u00e7\u00e3o em a\u00e7o galvanizado e term\u00f4metro<\/li>\n<\/ul>\n","protected":false},"excerpt":{"rendered":"<p>internas:l-37cm a-31cm profund. 50cm<br \/>\nporta: l-51cm a-44,5cm<\/p>\n","protected":false},"featured_media":2332,"template":"","meta":{"_joinchat":[]},"product_brand":[233],"product_cat":[30,28],"product_tag":[],"class_list":{"0":"post-2329","1":"product","2":"type-product","3":"status-publish","4":"has-post-thumbnail","6":"product_brand-patria","7":"product_cat-fornos-e-fogoes","8":"product_cat-kit-fornos-e-fogoes","10":"first","11":"instock","12":"shipping-taxable","13":"purchasable","14":"product-type-simple"},"_links":{"self":[{"href":"https:\/\/reidastelhas.com.br\/loja\/wp-json\/wp\/v2\/product\/2329","targetHints":{"allow":["GET"]}}],"collection":[{"href":"https:\/\/reidastelhas.com.br\/loja\/wp-json\/wp\/v2\/product"}],"about":[{"href":"https:\/\/reidastelhas.com.br\/loja\/wp-json\/wp\/v2\/types\/product"}],"wp:featuredmedia":[{"embeddable":true,"href":"https:\/\/reidastelhas.com.br\/loja\/wp-json\/wp\/v2\/media\/2332"}],"wp:attachment":[{"href":"https:\/\/reidastelhas.com.br\/loja\/wp-json\/wp\/v2\/media?parent=2329"}],"wp:term":[{"taxonomy":"product_brand","embeddable":true,"href":"https:\/\/reidastelhas.com.br\/loja\/wp-json\/wp\/v2\/product_brand?post=2329"},{"taxonomy":"product_cat","embeddable":true,"href":"https:\/\/reidastelhas.com.br\/loja\/wp-json\/wp\/v2\/product_cat?post=2329"},{"taxonomy":"product_tag","embeddable":true,"href":"https:\/\/reidastelhas.com.br\/loja\/wp-json\/wp\/v2\/product_tag?post=2329"}],"curies":[{"name":"wp","href":"https:\/\/api.w.org\/{rel}","templated":true}]}}