{"id":2333,"date":"2025-12-19T10:56:47","date_gmt":"2025-12-19T13:56:47","guid":{"rendered":"https:\/\/reidastelhas.com.br\/loja\/?post_type=product&#038;p=2333"},"modified":"2025-12-19T10:56:47","modified_gmt":"2025-12-19T13:56:47","slug":"porta-37x23-para-fogao-campeiro","status":"publish","type":"product","link":"https:\/\/reidastelhas.com.br\/loja\/produto\/porta-37x23-para-fogao-campeiro\/","title":{"rendered":"Porta 37&#215;23 para fog\u00e3o campeiro"},"content":{"rendered":"<p>Para o seu fog\u00e3o campeiro ficar perfeito, necessariamente precisa de uma porta personalizada premium. com seu material de ferro fundido e moldura em alum\u00ednio fundido unindo muita <strong>qualidade e durabilidade,<\/strong>\u00a0seu design\u00a0<strong>moderno e rustico<\/strong>, fazem deste produto um dos mais procurados do mercado neste segmento, deixando o seu ambiente campeiro do\u00a0<strong>jeitinho que voc\u00ea sonha.<\/strong><\/p>\n<p><strong>INFORMA\u00c7\u00d5ES T\u00c9CNICAS:<\/strong><\/p>\n<ul>\n<li>MATERIAL:<strong>\u00a0ferro fundido e alum\u00ednio fundido<\/strong><\/li>\n<\/ul>\n<ul>\n<li>porta com respiro regul\u00e1vel para melhor oxigena\u00e7\u00e3o do fogo<\/li>\n<\/ul>\n<ul>\n<li>pintura em tinta\u00a0<strong>alta temperatura<\/strong><\/li>\n<\/ul>\n<ul>\n<li>puxador de madeira<\/li>\n<\/ul>\n","protected":false},"excerpt":{"rendered":"<p><strong>MEDIDAS:<\/strong><br \/>\nDi\u00e2metro da entrada de lenha: a- 16,5cm l- 24,5cm<br \/>\nmoldura: l-37cm a-23cm<\/p>\n","protected":false},"featured_media":2334,"template":"","meta":{"_joinchat":[]},"product_brand":[233],"product_cat":[36,38],"product_tag":[],"class_list":{"0":"post-2333","1":"product","2":"type-product","3":"status-publish","4":"has-post-thumbnail","6":"product_brand-patria","7":"product_cat-acessorios-gourmet","8":"product_cat-portas-forno-e-fogao","10":"first","11":"instock","12":"shipping-taxable","13":"purchasable","14":"product-type-simple"},"_links":{"self":[{"href":"https:\/\/reidastelhas.com.br\/loja\/wp-json\/wp\/v2\/product\/2333","targetHints":{"allow":["GET"]}}],"collection":[{"href":"https:\/\/reidastelhas.com.br\/loja\/wp-json\/wp\/v2\/product"}],"about":[{"href":"https:\/\/reidastelhas.com.br\/loja\/wp-json\/wp\/v2\/types\/product"}],"wp:featuredmedia":[{"embeddable":true,"href":"https:\/\/reidastelhas.com.br\/loja\/wp-json\/wp\/v2\/media\/2334"}],"wp:attachment":[{"href":"https:\/\/reidastelhas.com.br\/loja\/wp-json\/wp\/v2\/media?parent=2333"}],"wp:term":[{"taxonomy":"product_brand","embeddable":true,"href":"https:\/\/reidastelhas.com.br\/loja\/wp-json\/wp\/v2\/product_brand?post=2333"},{"taxonomy":"product_cat","embeddable":true,"href":"https:\/\/reidastelhas.com.br\/loja\/wp-json\/wp\/v2\/product_cat?post=2333"},{"taxonomy":"product_tag","embeddable":true,"href":"https:\/\/reidastelhas.com.br\/loja\/wp-json\/wp\/v2\/product_tag?post=2333"}],"curies":[{"name":"wp","href":"https:\/\/api.w.org\/{rel}","templated":true}]}}