{"id":2335,"date":"2025-12-19T11:03:08","date_gmt":"2025-12-19T14:03:08","guid":{"rendered":"https:\/\/reidastelhas.com.br\/loja\/?post_type=product&#038;p=2335"},"modified":"2025-12-19T11:03:09","modified_gmt":"2025-12-19T14:03:09","slug":"forno-pizza-premium","status":"publish","type":"product","link":"https:\/\/reidastelhas.com.br\/loja\/produto\/forno-pizza-premium\/","title":{"rendered":"Forno Pizza premium"},"content":{"rendered":"<p>O Forno de Pizza Premium \u00a0\u00e9 ideal para quem busca pizzas artesanais com sabor aut\u00eantico, croc\u00e2ncia perfeita e preparo r\u00e1pido. Desenvolvido com materiais de alta qualidade, ele garante excelente reten\u00e7\u00e3o de calor, assando pizzas de forma uniforme, al\u00e9m de p\u00e3es, carnes e outros assados.<\/p>\n","protected":false},"excerpt":{"rendered":"<p>INFORMA\u00c7\u00d5ES T\u00c9CNICAS:<\/p>\n<ul>\n<li>Portas em material fundido<\/li>\n<li>Term\u00f4metro de at\u00e9 350\u00baC<\/li>\n<li>Contem 17 tijolos refrat\u00e1rios na parte interna<\/li>\n<li>Sa\u00edda de chamin\u00e9 115mm<\/li>\n<li>Di\u00e2metro interno do forno 430 x 340 x\u00a0600 (largura x altura x profundidade)<\/li>\n<li>Di\u00e2metro externo do forno 610 x 450 x 600 (largura x altura x profundidade)<\/li>\n<\/ul>\n","protected":false},"featured_media":2337,"template":"","meta":{"_joinchat":[]},"product_brand":[233],"product_cat":[30],"product_tag":[],"class_list":{"0":"post-2335","1":"product","2":"type-product","3":"status-publish","4":"has-post-thumbnail","6":"product_brand-patria","7":"product_cat-fornos-e-fogoes","9":"first","10":"instock","11":"shipping-taxable","12":"purchasable","13":"product-type-simple"},"_links":{"self":[{"href":"https:\/\/reidastelhas.com.br\/loja\/wp-json\/wp\/v2\/product\/2335","targetHints":{"allow":["GET"]}}],"collection":[{"href":"https:\/\/reidastelhas.com.br\/loja\/wp-json\/wp\/v2\/product"}],"about":[{"href":"https:\/\/reidastelhas.com.br\/loja\/wp-json\/wp\/v2\/types\/product"}],"wp:featuredmedia":[{"embeddable":true,"href":"https:\/\/reidastelhas.com.br\/loja\/wp-json\/wp\/v2\/media\/2337"}],"wp:attachment":[{"href":"https:\/\/reidastelhas.com.br\/loja\/wp-json\/wp\/v2\/media?parent=2335"}],"wp:term":[{"taxonomy":"product_brand","embeddable":true,"href":"https:\/\/reidastelhas.com.br\/loja\/wp-json\/wp\/v2\/product_brand?post=2335"},{"taxonomy":"product_cat","embeddable":true,"href":"https:\/\/reidastelhas.com.br\/loja\/wp-json\/wp\/v2\/product_cat?post=2335"},{"taxonomy":"product_tag","embeddable":true,"href":"https:\/\/reidastelhas.com.br\/loja\/wp-json\/wp\/v2\/product_tag?post=2335"}],"curies":[{"name":"wp","href":"https:\/\/api.w.org\/{rel}","templated":true}]}}