{"id":2339,"date":"2025-12-19T11:44:21","date_gmt":"2025-12-19T14:44:21","guid":{"rendered":"https:\/\/reidastelhas.com.br\/loja\/?post_type=product&#038;p=2339"},"modified":"2025-12-19T11:50:57","modified_gmt":"2025-12-19T14:50:57","slug":"meio-fio-reto-ondulado","status":"publish","type":"product","link":"https:\/\/reidastelhas.com.br\/loja\/produto\/meio-fio-reto-ondulado\/","title":{"rendered":"Meio fio reto ondulado"},"content":{"rendered":"<p>Desenvolvido para suportar as condi\u00e7\u00f5es do ambiente externo, o meio-fio reto ondulado oferece excelente estabilidade ap\u00f3s instalado, ajudando a conter terra, grama e pedras decorativas. Seu design ondulado proporciona um acabamento mais elegante quando comparado ao meio-fio tradicional.<\/p>\n","protected":false},"excerpt":{"rendered":"<p>Medidas: 5 espessura X 20 altura X 80 comprimento<\/p>\n","protected":false},"featured_media":2340,"template":"","meta":{"_joinchat":[]},"product_brand":[230],"product_cat":[18,21],"product_tag":[],"class_list":{"0":"post-2339","1":"product","2":"type-product","3":"status-publish","4":"has-post-thumbnail","6":"product_brand-vilson","7":"product_cat-artefatos-de-concreto","8":"product_cat-meio-fio","10":"first","11":"instock","12":"shipping-taxable","13":"purchasable","14":"product-type-simple"},"_links":{"self":[{"href":"https:\/\/reidastelhas.com.br\/loja\/wp-json\/wp\/v2\/product\/2339","targetHints":{"allow":["GET"]}}],"collection":[{"href":"https:\/\/reidastelhas.com.br\/loja\/wp-json\/wp\/v2\/product"}],"about":[{"href":"https:\/\/reidastelhas.com.br\/loja\/wp-json\/wp\/v2\/types\/product"}],"wp:featuredmedia":[{"embeddable":true,"href":"https:\/\/reidastelhas.com.br\/loja\/wp-json\/wp\/v2\/media\/2340"}],"wp:attachment":[{"href":"https:\/\/reidastelhas.com.br\/loja\/wp-json\/wp\/v2\/media?parent=2339"}],"wp:term":[{"taxonomy":"product_brand","embeddable":true,"href":"https:\/\/reidastelhas.com.br\/loja\/wp-json\/wp\/v2\/product_brand?post=2339"},{"taxonomy":"product_cat","embeddable":true,"href":"https:\/\/reidastelhas.com.br\/loja\/wp-json\/wp\/v2\/product_cat?post=2339"},{"taxonomy":"product_tag","embeddable":true,"href":"https:\/\/reidastelhas.com.br\/loja\/wp-json\/wp\/v2\/product_tag?post=2339"}],"curies":[{"name":"wp","href":"https:\/\/api.w.org\/{rel}","templated":true}]}}