{"id":2352,"date":"2025-12-22T11:25:36","date_gmt":"2025-12-22T14:25:36","guid":{"rendered":"https:\/\/reidastelhas.com.br\/loja\/?post_type=product&#038;p=2352"},"modified":"2025-12-22T11:25:36","modified_gmt":"2025-12-22T14:25:36","slug":"meio-fio-curvo-ondulado-pequeno","status":"publish","type":"product","link":"https:\/\/reidastelhas.com.br\/loja\/produto\/meio-fio-curvo-ondulado-pequeno\/","title":{"rendered":"MEIO FIO CURVO ONDULADO PEQUENO"},"content":{"rendered":"<p>O Meio-Fio Curvo Ondulado Pequeno de Concreto \u00e9 ideal para delimitar e organizar \u00e1reas externas com praticidade e acabamento decorativo. Seu formato curvo e ondulado permite criar contornos suaves e elegantes, valorizando jardins, canteiros, cal\u00e7adas e \u00e1reas paisag\u00edsticas.<\/p>\n","protected":false},"excerpt":{"rendered":"<p>O Meio-Fio Curvo Ondulado Pequeno de Concreto \u00e9 ideal para delimitar e organizar \u00e1reas externas com praticidade e acabamento decorativo. Seu formato curvo e ondulado permite criar contornos suaves e elegantes, valorizando jardins, canteiros, cal\u00e7adas e \u00e1reas paisag\u00edsticas.<\/p>\n","protected":false},"featured_media":2353,"template":"","meta":{"_joinchat":[]},"product_brand":[229],"product_cat":[18,21],"product_tag":[],"class_list":{"0":"post-2352","1":"product","2":"type-product","3":"status-publish","4":"has-post-thumbnail","6":"product_brand-artefatos-schmitt","7":"product_cat-artefatos-de-concreto","8":"product_cat-meio-fio","10":"first","11":"instock","12":"shipping-taxable","13":"purchasable","14":"product-type-simple"},"_links":{"self":[{"href":"https:\/\/reidastelhas.com.br\/loja\/wp-json\/wp\/v2\/product\/2352","targetHints":{"allow":["GET"]}}],"collection":[{"href":"https:\/\/reidastelhas.com.br\/loja\/wp-json\/wp\/v2\/product"}],"about":[{"href":"https:\/\/reidastelhas.com.br\/loja\/wp-json\/wp\/v2\/types\/product"}],"wp:featuredmedia":[{"embeddable":true,"href":"https:\/\/reidastelhas.com.br\/loja\/wp-json\/wp\/v2\/media\/2353"}],"wp:attachment":[{"href":"https:\/\/reidastelhas.com.br\/loja\/wp-json\/wp\/v2\/media?parent=2352"}],"wp:term":[{"taxonomy":"product_brand","embeddable":true,"href":"https:\/\/reidastelhas.com.br\/loja\/wp-json\/wp\/v2\/product_brand?post=2352"},{"taxonomy":"product_cat","embeddable":true,"href":"https:\/\/reidastelhas.com.br\/loja\/wp-json\/wp\/v2\/product_cat?post=2352"},{"taxonomy":"product_tag","embeddable":true,"href":"https:\/\/reidastelhas.com.br\/loja\/wp-json\/wp\/v2\/product_tag?post=2352"}],"curies":[{"name":"wp","href":"https:\/\/api.w.org\/{rel}","templated":true}]}}