{"id":2357,"date":"2025-12-22T11:27:34","date_gmt":"2025-12-22T14:27:34","guid":{"rendered":"https:\/\/reidastelhas.com.br\/loja\/?post_type=product&#038;p=2357"},"modified":"2025-12-22T11:27:34","modified_gmt":"2025-12-22T14:27:34","slug":"meio-fio-curvo-ondulado-grande","status":"publish","type":"product","link":"https:\/\/reidastelhas.com.br\/loja\/produto\/meio-fio-curvo-ondulado-grande\/","title":{"rendered":"MEIO FIO CURVO ONDULADO GRANDE"},"content":{"rendered":"<p>O Meio-Fio Curvo Ondulado Grande de Concreto \u00e9 a escolha ideal para delimitar e organizar \u00e1reas externas com um acabamento robusto e decorativo. Seu formato curvo e ondulado permite a cria\u00e7\u00e3o de contornos amplos e harmoniosos, valorizando projetos de paisagismo e organiza\u00e7\u00e3o de espa\u00e7os.<\/p>\n","protected":false},"excerpt":{"rendered":"<p>O Meio-Fio Curvo Ondulado Grande de Concreto \u00e9 a escolha ideal para delimitar e organizar \u00e1reas externas com um acabamento robusto e decorativo. Seu formato curvo e ondulado permite a cria\u00e7\u00e3o de contornos amplos e harmoniosos, valorizando projetos de paisagismo e organiza\u00e7\u00e3o de espa\u00e7os.<\/p>\n","protected":false},"featured_media":2358,"template":"","meta":{"_joinchat":[]},"product_brand":[229],"product_cat":[18,21],"product_tag":[],"class_list":{"0":"post-2357","1":"product","2":"type-product","3":"status-publish","4":"has-post-thumbnail","6":"product_brand-artefatos-schmitt","7":"product_cat-artefatos-de-concreto","8":"product_cat-meio-fio","10":"first","11":"instock","12":"shipping-taxable","13":"purchasable","14":"product-type-simple"},"_links":{"self":[{"href":"https:\/\/reidastelhas.com.br\/loja\/wp-json\/wp\/v2\/product\/2357","targetHints":{"allow":["GET"]}}],"collection":[{"href":"https:\/\/reidastelhas.com.br\/loja\/wp-json\/wp\/v2\/product"}],"about":[{"href":"https:\/\/reidastelhas.com.br\/loja\/wp-json\/wp\/v2\/types\/product"}],"wp:featuredmedia":[{"embeddable":true,"href":"https:\/\/reidastelhas.com.br\/loja\/wp-json\/wp\/v2\/media\/2358"}],"wp:attachment":[{"href":"https:\/\/reidastelhas.com.br\/loja\/wp-json\/wp\/v2\/media?parent=2357"}],"wp:term":[{"taxonomy":"product_brand","embeddable":true,"href":"https:\/\/reidastelhas.com.br\/loja\/wp-json\/wp\/v2\/product_brand?post=2357"},{"taxonomy":"product_cat","embeddable":true,"href":"https:\/\/reidastelhas.com.br\/loja\/wp-json\/wp\/v2\/product_cat?post=2357"},{"taxonomy":"product_tag","embeddable":true,"href":"https:\/\/reidastelhas.com.br\/loja\/wp-json\/wp\/v2\/product_tag?post=2357"}],"curies":[{"name":"wp","href":"https:\/\/api.w.org\/{rel}","templated":true}]}}