{"id":2360,"date":"2025-12-22T11:37:08","date_gmt":"2025-12-22T14:37:08","guid":{"rendered":"https:\/\/reidastelhas.com.br\/loja\/?post_type=product&#038;p=2360"},"modified":"2025-12-22T11:41:54","modified_gmt":"2025-12-22T14:41:54","slug":"meio-fio-pisante-reto-liso-4-x-24-x-80","status":"publish","type":"product","link":"https:\/\/reidastelhas.com.br\/loja\/produto\/meio-fio-pisante-reto-liso-4-x-24-x-80\/","title":{"rendered":"MEIO FIO\/PISANTE RETO LISO 4 X 24 X 80"},"content":{"rendered":"<p>O Meio-Fio \/ Pisante Reto Liso de Concreto\u00a0\u00e9 um produto vers\u00e1til e funcional, ideal para delimita\u00e7\u00e3o de \u00e1reas e cria\u00e7\u00e3o de caminhos em ambientes externos. Seu acabamento liso e formato reto proporcionam um visual limpo e organizado, combinando com diferentes estilos de paisagismo.<\/p>\n","protected":false},"excerpt":{"rendered":"<p>Medidas: 4 X 24 X 80<\/p>\n","protected":false},"featured_media":2364,"template":"","meta":{"_joinchat":[]},"product_brand":[229],"product_cat":[18,21,22],"product_tag":[],"class_list":{"0":"post-2360","1":"product","2":"type-product","3":"status-publish","4":"has-post-thumbnail","6":"product_brand-artefatos-schmitt","7":"product_cat-artefatos-de-concreto","8":"product_cat-meio-fio","9":"product_cat-pisantes","11":"first","12":"instock","13":"shipping-taxable","14":"purchasable","15":"product-type-simple"},"_links":{"self":[{"href":"https:\/\/reidastelhas.com.br\/loja\/wp-json\/wp\/v2\/product\/2360","targetHints":{"allow":["GET"]}}],"collection":[{"href":"https:\/\/reidastelhas.com.br\/loja\/wp-json\/wp\/v2\/product"}],"about":[{"href":"https:\/\/reidastelhas.com.br\/loja\/wp-json\/wp\/v2\/types\/product"}],"wp:featuredmedia":[{"embeddable":true,"href":"https:\/\/reidastelhas.com.br\/loja\/wp-json\/wp\/v2\/media\/2364"}],"wp:attachment":[{"href":"https:\/\/reidastelhas.com.br\/loja\/wp-json\/wp\/v2\/media?parent=2360"}],"wp:term":[{"taxonomy":"product_brand","embeddable":true,"href":"https:\/\/reidastelhas.com.br\/loja\/wp-json\/wp\/v2\/product_brand?post=2360"},{"taxonomy":"product_cat","embeddable":true,"href":"https:\/\/reidastelhas.com.br\/loja\/wp-json\/wp\/v2\/product_cat?post=2360"},{"taxonomy":"product_tag","embeddable":true,"href":"https:\/\/reidastelhas.com.br\/loja\/wp-json\/wp\/v2\/product_tag?post=2360"}],"curies":[{"name":"wp","href":"https:\/\/api.w.org\/{rel}","templated":true}]}}