{"id":2362,"date":"2025-12-22T11:48:40","date_gmt":"2025-12-22T14:48:40","guid":{"rendered":"https:\/\/reidastelhas.com.br\/loja\/?post_type=product&#038;p=2362"},"modified":"2025-12-22T11:58:45","modified_gmt":"2025-12-22T14:58:45","slug":"chapa-de-3-furos-polida-wollert","status":"publish","type":"product","link":"https:\/\/reidastelhas.com.br\/loja\/produto\/chapa-de-3-furos-polida-wollert\/","title":{"rendered":"CHAPA DE 3 FUROS POLIDA WOLLERT"},"content":{"rendered":"<p>A Chapa de 3 Furos Polida Wollert \u00e9 um item funcional e resistente, ideal para aplica\u00e7\u00f5es em fog\u00f5es a lenha, fog\u00f5es campeiros e churrasqueiras. Fabricada em material de alta qualidade, possui acabamento polido, garantindo melhor veda\u00e7\u00e3o, durabilidade e um visual mais refinado.<\/p>\n","protected":false},"excerpt":{"rendered":"<p>Possui duas medidas diferentes!<\/p>\n","protected":false},"featured_media":2366,"template":"","meta":{"_joinchat":[]},"product_brand":[235],"product_cat":[36,37],"product_tag":[],"class_list":{"0":"post-2362","1":"product","2":"type-product","3":"status-publish","4":"has-post-thumbnail","6":"product_brand-wollert","7":"product_cat-acessorios-gourmet","8":"product_cat-chapas","10":"first","11":"instock","12":"shipping-taxable","13":"purchasable","14":"product-type-variable"},"_links":{"self":[{"href":"https:\/\/reidastelhas.com.br\/loja\/wp-json\/wp\/v2\/product\/2362","targetHints":{"allow":["GET"]}}],"collection":[{"href":"https:\/\/reidastelhas.com.br\/loja\/wp-json\/wp\/v2\/product"}],"about":[{"href":"https:\/\/reidastelhas.com.br\/loja\/wp-json\/wp\/v2\/types\/product"}],"wp:featuredmedia":[{"embeddable":true,"href":"https:\/\/reidastelhas.com.br\/loja\/wp-json\/wp\/v2\/media\/2366"}],"wp:attachment":[{"href":"https:\/\/reidastelhas.com.br\/loja\/wp-json\/wp\/v2\/media?parent=2362"}],"wp:term":[{"taxonomy":"product_brand","embeddable":true,"href":"https:\/\/reidastelhas.com.br\/loja\/wp-json\/wp\/v2\/product_brand?post=2362"},{"taxonomy":"product_cat","embeddable":true,"href":"https:\/\/reidastelhas.com.br\/loja\/wp-json\/wp\/v2\/product_cat?post=2362"},{"taxonomy":"product_tag","embeddable":true,"href":"https:\/\/reidastelhas.com.br\/loja\/wp-json\/wp\/v2\/product_tag?post=2362"}],"curies":[{"name":"wp","href":"https:\/\/api.w.org\/{rel}","templated":true}]}}