{"id":2374,"date":"2025-12-22T11:57:38","date_gmt":"2025-12-22T14:57:38","guid":{"rendered":"https:\/\/reidastelhas.com.br\/loja\/?post_type=product&#038;p=2374"},"modified":"2025-12-22T11:57:38","modified_gmt":"2025-12-22T14:57:38","slug":"chapa-de-ferro-fundido","status":"publish","type":"product","link":"https:\/\/reidastelhas.com.br\/loja\/produto\/chapa-de-ferro-fundido\/","title":{"rendered":"chapa de ferro fundido"},"content":{"rendered":"<p>A Chapa de Ferro Fundido \u00e9 um produto robusto e altamente resistente, ideal para uso em fog\u00f5es a lenha, fog\u00f5es campeiros, churrasqueiras e cozinhas r\u00fasticas. Conhecida por sua excelente reten\u00e7\u00e3o e distribui\u00e7\u00e3o de calor, ela proporciona cozimento uniforme e maior efici\u00eancia no preparo dos alimentos.<\/p>\n","protected":false},"excerpt":{"rendered":"<p>Possui diferentes medidas!<\/p>\n","protected":false},"featured_media":2376,"template":"","meta":{"_joinchat":[]},"product_brand":[235],"product_cat":[36,37],"product_tag":[],"class_list":{"0":"post-2374","1":"product","2":"type-product","3":"status-publish","4":"has-post-thumbnail","6":"product_brand-wollert","7":"product_cat-acessorios-gourmet","8":"product_cat-chapas","10":"first","11":"instock","12":"shipping-taxable","13":"purchasable","14":"product-type-variable"},"_links":{"self":[{"href":"https:\/\/reidastelhas.com.br\/loja\/wp-json\/wp\/v2\/product\/2374","targetHints":{"allow":["GET"]}}],"collection":[{"href":"https:\/\/reidastelhas.com.br\/loja\/wp-json\/wp\/v2\/product"}],"about":[{"href":"https:\/\/reidastelhas.com.br\/loja\/wp-json\/wp\/v2\/types\/product"}],"wp:featuredmedia":[{"embeddable":true,"href":"https:\/\/reidastelhas.com.br\/loja\/wp-json\/wp\/v2\/media\/2376"}],"wp:attachment":[{"href":"https:\/\/reidastelhas.com.br\/loja\/wp-json\/wp\/v2\/media?parent=2374"}],"wp:term":[{"taxonomy":"product_brand","embeddable":true,"href":"https:\/\/reidastelhas.com.br\/loja\/wp-json\/wp\/v2\/product_brand?post=2374"},{"taxonomy":"product_cat","embeddable":true,"href":"https:\/\/reidastelhas.com.br\/loja\/wp-json\/wp\/v2\/product_cat?post=2374"},{"taxonomy":"product_tag","embeddable":true,"href":"https:\/\/reidastelhas.com.br\/loja\/wp-json\/wp\/v2\/product_tag?post=2374"}],"curies":[{"name":"wp","href":"https:\/\/api.w.org\/{rel}","templated":true}]}}