{"id":2381,"date":"2025-12-22T14:00:05","date_gmt":"2025-12-22T17:00:05","guid":{"rendered":"https:\/\/reidastelhas.com.br\/loja\/?post_type=product&#038;p=2381"},"modified":"2025-12-22T14:00:05","modified_gmt":"2025-12-22T17:00:05","slug":"chapa-de-3-furos-espelhada-wollert","status":"publish","type":"product","link":"https:\/\/reidastelhas.com.br\/loja\/produto\/chapa-de-3-furos-espelhada-wollert\/","title":{"rendered":"CHAPA DE 3 FUROS ESPELHADA WOLLERT"},"content":{"rendered":"<p>A Chapa de 3 Furos Espelhada Wollert \u00e9 ideal para quem busca resist\u00eancia, funcionalidade e acabamento superior para fog\u00f5es a lenha, fog\u00f5es campeiros e churrasqueiras. Seu acabamento espelhado proporciona um visual moderno e refinado, al\u00e9m de facilitar a limpeza e melhorar a veda\u00e7\u00e3o.<\/p>\n","protected":false},"excerpt":{"rendered":"<p>Duas medidas dispon\u00edveis!<\/p>\n","protected":false},"featured_media":2370,"template":"","meta":{"_joinchat":[]},"product_brand":[235],"product_cat":[36,37],"product_tag":[],"class_list":{"0":"post-2381","1":"product","2":"type-product","3":"status-publish","4":"has-post-thumbnail","6":"product_brand-wollert","7":"product_cat-acessorios-gourmet","8":"product_cat-chapas","10":"first","11":"instock","12":"shipping-taxable","13":"purchasable","14":"product-type-variable"},"_links":{"self":[{"href":"https:\/\/reidastelhas.com.br\/loja\/wp-json\/wp\/v2\/product\/2381","targetHints":{"allow":["GET"]}}],"collection":[{"href":"https:\/\/reidastelhas.com.br\/loja\/wp-json\/wp\/v2\/product"}],"about":[{"href":"https:\/\/reidastelhas.com.br\/loja\/wp-json\/wp\/v2\/types\/product"}],"wp:featuredmedia":[{"embeddable":true,"href":"https:\/\/reidastelhas.com.br\/loja\/wp-json\/wp\/v2\/media\/2370"}],"wp:attachment":[{"href":"https:\/\/reidastelhas.com.br\/loja\/wp-json\/wp\/v2\/media?parent=2381"}],"wp:term":[{"taxonomy":"product_brand","embeddable":true,"href":"https:\/\/reidastelhas.com.br\/loja\/wp-json\/wp\/v2\/product_brand?post=2381"},{"taxonomy":"product_cat","embeddable":true,"href":"https:\/\/reidastelhas.com.br\/loja\/wp-json\/wp\/v2\/product_cat?post=2381"},{"taxonomy":"product_tag","embeddable":true,"href":"https:\/\/reidastelhas.com.br\/loja\/wp-json\/wp\/v2\/product_tag?post=2381"}],"curies":[{"name":"wp","href":"https:\/\/api.w.org\/{rel}","templated":true}]}}