{"id":2385,"date":"2025-12-22T14:06:14","date_gmt":"2025-12-22T17:06:14","guid":{"rendered":"https:\/\/reidastelhas.com.br\/loja\/?post_type=product&#038;p=2385"},"modified":"2025-12-22T14:12:20","modified_gmt":"2025-12-22T17:12:20","slug":"chapa-de-vitroceramica-82-x-525-com-borda","status":"publish","type":"product","link":"https:\/\/reidastelhas.com.br\/loja\/produto\/chapa-de-vitroceramica-82-x-525-com-borda\/","title":{"rendered":"chapa de vitrocer\u00e2mica  82 x 52,5 com borda"},"content":{"rendered":"<p>A Chapa de Vitrocer\u00e2mica com Borda \u2013 82 \u00d7 52,5 cm \u00e9 ideal para fog\u00f5es a lenha, fog\u00f5es campeiros e cozinhas r\u00fasticas que exigem efici\u00eancia t\u00e9rmica, seguran\u00e7a e acabamento moderno. Produzida em vidro vitrocer\u00e2mico de alta resist\u00eancia, suporta altas temperaturas e choques t\u00e9rmicos, garantindo excelente desempenho no preparo dos alimentos.<\/p>\n","protected":false},"excerpt":{"rendered":"<p>A Chapa de Vitrocer\u00e2mica com Borda \u2013 82 \u00d7 52,5 cm \u00e9 ideal para fog\u00f5es a lenha, fog\u00f5es campeiros e cozinhas r\u00fasticas que exigem efici\u00eancia t\u00e9rmica, seguran\u00e7a e acabamento moderno. Produzida em vidro vitrocer\u00e2mico de alta resist\u00eancia, suporta altas temperaturas e choques t\u00e9rmicos, garantindo excelente desempenho no preparo dos alimentos.<\/p>\n","protected":false},"featured_media":2386,"template":"","meta":{"_joinchat":[]},"product_brand":[236],"product_cat":[36,37],"product_tag":[],"class_list":{"0":"post-2385","1":"product","2":"type-product","3":"status-publish","4":"has-post-thumbnail","6":"product_brand-hansen","7":"product_cat-acessorios-gourmet","8":"product_cat-chapas","10":"first","11":"instock","12":"shipping-taxable","13":"purchasable","14":"product-type-simple"},"_links":{"self":[{"href":"https:\/\/reidastelhas.com.br\/loja\/wp-json\/wp\/v2\/product\/2385","targetHints":{"allow":["GET"]}}],"collection":[{"href":"https:\/\/reidastelhas.com.br\/loja\/wp-json\/wp\/v2\/product"}],"about":[{"href":"https:\/\/reidastelhas.com.br\/loja\/wp-json\/wp\/v2\/types\/product"}],"wp:featuredmedia":[{"embeddable":true,"href":"https:\/\/reidastelhas.com.br\/loja\/wp-json\/wp\/v2\/media\/2386"}],"wp:attachment":[{"href":"https:\/\/reidastelhas.com.br\/loja\/wp-json\/wp\/v2\/media?parent=2385"}],"wp:term":[{"taxonomy":"product_brand","embeddable":true,"href":"https:\/\/reidastelhas.com.br\/loja\/wp-json\/wp\/v2\/product_brand?post=2385"},{"taxonomy":"product_cat","embeddable":true,"href":"https:\/\/reidastelhas.com.br\/loja\/wp-json\/wp\/v2\/product_cat?post=2385"},{"taxonomy":"product_tag","embeddable":true,"href":"https:\/\/reidastelhas.com.br\/loja\/wp-json\/wp\/v2\/product_tag?post=2385"}],"curies":[{"name":"wp","href":"https:\/\/api.w.org\/{rel}","templated":true}]}}