{"id":2396,"date":"2025-12-22T14:25:11","date_gmt":"2025-12-22T17:25:11","guid":{"rendered":"https:\/\/reidastelhas.com.br\/loja\/?post_type=product&#038;p=2396"},"modified":"2025-12-22T14:25:12","modified_gmt":"2025-12-22T17:25:12","slug":"fogao-caipira-preto-com-caixa-e-chapa-de-aluminio","status":"publish","type":"product","link":"https:\/\/reidastelhas.com.br\/loja\/produto\/fogao-caipira-preto-com-caixa-e-chapa-de-aluminio\/","title":{"rendered":"Fog\u00e3o Caipira Preto com caixa e chapa de alum\u00ednio"},"content":{"rendered":"<p>O Fog\u00e3o Caipira com Chapa de Alum\u00ednio\u00a0\u00e9 ideal para quem busca praticidade, resist\u00eancia e o sabor tradicional da comida feita no fog\u00e3o a lenha. Com design funcional e robusto, ele \u00e9 perfeito para \u00e1reas externas, cozinhas r\u00fasticas, s\u00edtios, ch\u00e1caras e espa\u00e7os gourmet.<\/p>\n<div class=\"especifications\"><i>Especifica\u00e7\u00f5es do Fog\u00f5es a lenha:<\/i><\/div>\n<div class=\"especifications\">&#8211; P\u00e9s desmont\u00e1veis<br \/>\n&#8211; Term\u00f4metro para regulagem da temperatura do forninho<br \/>\n&#8211; Visor do forninho em vidro temperado<br \/>\n&#8211; Afogador para regulagem de calor<br \/>\n&#8211; 1 grade no forninho galvanizada<br \/>\n&#8211; Chapa do fog\u00e3o em ALUMINIO<br \/>\n&#8211; Duas op\u00e7\u00f5es de Sa\u00edda da chamin\u00e9 tamanho n\u00b0 02 &#8211; di\u00e2metro 115mm \u2013 ATRAS OU EM CIMA<br \/>\n&#8211; Gaveta do cinzeiro embutida.<br \/>\n&#8211; Corpo do fog\u00e3o em chapa de a\u00e7o carbono com acabamento de tinta ep\u00f3xi, ou corpo em a\u00e7o inox 430.<br \/>\n&#8211; Isolamento interno com l\u00e3 de rocha.<br \/>\n&#8211; Grade do fogo em ferro fundido.<\/div>\n","protected":false},"excerpt":{"rendered":"<p>O Fog\u00e3o Caipira com Chapa de Alum\u00ednio\u00a0\u00e9 ideal para quem busca praticidade, resist\u00eancia e o sabor tradicional da comida feita no fog\u00e3o a lenha. Com design funcional e robusto, ele \u00e9 perfeito para \u00e1reas externas, cozinhas r\u00fasticas, s\u00edtios, ch\u00e1caras e espa\u00e7os gourmet. Especifica\u00e7\u00f5es do Fog\u00f5es a lenha: &#8211; P\u00e9s desmont\u00e1veis &#8211; Term\u00f4metro para regulagem da [&hellip;]<\/p>\n","protected":false},"featured_media":2397,"template":"","meta":{"_joinchat":[]},"product_brand":[236],"product_cat":[30,28],"product_tag":[],"class_list":{"0":"post-2396","1":"product","2":"type-product","3":"status-publish","4":"has-post-thumbnail","6":"product_brand-hansen","7":"product_cat-fornos-e-fogoes","8":"product_cat-kit-fornos-e-fogoes","10":"first","11":"instock","12":"shipping-taxable","13":"purchasable","14":"product-type-simple"},"_links":{"self":[{"href":"https:\/\/reidastelhas.com.br\/loja\/wp-json\/wp\/v2\/product\/2396","targetHints":{"allow":["GET"]}}],"collection":[{"href":"https:\/\/reidastelhas.com.br\/loja\/wp-json\/wp\/v2\/product"}],"about":[{"href":"https:\/\/reidastelhas.com.br\/loja\/wp-json\/wp\/v2\/types\/product"}],"wp:featuredmedia":[{"embeddable":true,"href":"https:\/\/reidastelhas.com.br\/loja\/wp-json\/wp\/v2\/media\/2397"}],"wp:attachment":[{"href":"https:\/\/reidastelhas.com.br\/loja\/wp-json\/wp\/v2\/media?parent=2396"}],"wp:term":[{"taxonomy":"product_brand","embeddable":true,"href":"https:\/\/reidastelhas.com.br\/loja\/wp-json\/wp\/v2\/product_brand?post=2396"},{"taxonomy":"product_cat","embeddable":true,"href":"https:\/\/reidastelhas.com.br\/loja\/wp-json\/wp\/v2\/product_cat?post=2396"},{"taxonomy":"product_tag","embeddable":true,"href":"https:\/\/reidastelhas.com.br\/loja\/wp-json\/wp\/v2\/product_tag?post=2396"}],"curies":[{"name":"wp","href":"https:\/\/api.w.org\/{rel}","templated":true}]}}