{"id":2398,"date":"2025-12-22T14:26:48","date_gmt":"2025-12-22T17:26:48","guid":{"rendered":"https:\/\/reidastelhas.com.br\/loja\/?post_type=product&#038;p=2398"},"modified":"2025-12-22T14:26:48","modified_gmt":"2025-12-22T17:26:48","slug":"fogao-caipira-preto-com-chapa-de-aluminio","status":"publish","type":"product","link":"https:\/\/reidastelhas.com.br\/loja\/produto\/fogao-caipira-preto-com-chapa-de-aluminio\/","title":{"rendered":"Fog\u00e3o Caipira Preto com chapa de alum\u00ednio"},"content":{"rendered":"<p>O Fog\u00e3o Caipira Preto com Chapa de Alum\u00ednio \u00e9 ideal para quem valoriza o sabor tradicional da comida feita no fog\u00e3o a lenha, aliado \u00e0 praticidade e resist\u00eancia. Com acabamento na cor preta, possui visual r\u00fastico e elegante, perfeito para cozinhas externas, \u00e1reas gourmet, s\u00edtios e ch\u00e1caras.<\/p>\n","protected":false},"excerpt":{"rendered":"<p>O Fog\u00e3o Caipira Preto com Chapa de Alum\u00ednio \u00e9 ideal para quem valoriza o sabor tradicional da comida feita no fog\u00e3o a lenha, aliado \u00e0 praticidade e resist\u00eancia. Com acabamento na cor preta, possui visual r\u00fastico e elegante, perfeito para cozinhas externas, \u00e1reas gourmet, s\u00edtios e ch\u00e1caras.<\/p>\n","protected":false},"featured_media":2399,"template":"","meta":{"_joinchat":[]},"product_brand":[236],"product_cat":[30,28],"product_tag":[],"class_list":{"0":"post-2398","1":"product","2":"type-product","3":"status-publish","4":"has-post-thumbnail","6":"product_brand-hansen","7":"product_cat-fornos-e-fogoes","8":"product_cat-kit-fornos-e-fogoes","10":"first","11":"instock","12":"shipping-taxable","13":"purchasable","14":"product-type-simple"},"_links":{"self":[{"href":"https:\/\/reidastelhas.com.br\/loja\/wp-json\/wp\/v2\/product\/2398","targetHints":{"allow":["GET"]}}],"collection":[{"href":"https:\/\/reidastelhas.com.br\/loja\/wp-json\/wp\/v2\/product"}],"about":[{"href":"https:\/\/reidastelhas.com.br\/loja\/wp-json\/wp\/v2\/types\/product"}],"wp:featuredmedia":[{"embeddable":true,"href":"https:\/\/reidastelhas.com.br\/loja\/wp-json\/wp\/v2\/media\/2399"}],"wp:attachment":[{"href":"https:\/\/reidastelhas.com.br\/loja\/wp-json\/wp\/v2\/media?parent=2398"}],"wp:term":[{"taxonomy":"product_brand","embeddable":true,"href":"https:\/\/reidastelhas.com.br\/loja\/wp-json\/wp\/v2\/product_brand?post=2398"},{"taxonomy":"product_cat","embeddable":true,"href":"https:\/\/reidastelhas.com.br\/loja\/wp-json\/wp\/v2\/product_cat?post=2398"},{"taxonomy":"product_tag","embeddable":true,"href":"https:\/\/reidastelhas.com.br\/loja\/wp-json\/wp\/v2\/product_tag?post=2398"}],"curies":[{"name":"wp","href":"https:\/\/api.w.org\/{rel}","templated":true}]}}