{"id":2400,"date":"2025-12-22T14:28:53","date_gmt":"2025-12-22T17:28:53","guid":{"rendered":"https:\/\/reidastelhas.com.br\/loja\/?post_type=product&#038;p=2400"},"modified":"2025-12-22T14:28:53","modified_gmt":"2025-12-22T17:28:53","slug":"fogao-caipira-inox-com-chapa-de-aluminio","status":"publish","type":"product","link":"https:\/\/reidastelhas.com.br\/loja\/produto\/fogao-caipira-inox-com-chapa-de-aluminio\/","title":{"rendered":"Fog\u00e3o Caipira inox com chapa de alum\u00ednio"},"content":{"rendered":"<p>O Fog\u00e3o Caipira Inox com Chapa de Alum\u00ednio \u00e9 a escolha ideal para quem deseja unir o sabor tradicional da comida feita no fog\u00e3o a lenha com um visual moderno e dur\u00e1vel. O acabamento em a\u00e7o inox oferece maior resist\u00eancia \u00e0 corros\u00e3o, facilidade de limpeza e um toque sofisticado ao ambiente.<\/p>\n","protected":false},"excerpt":{"rendered":"<p>O Fog\u00e3o Caipira Inox com Chapa de Alum\u00ednio \u00e9 a escolha ideal para quem deseja unir o sabor tradicional da comida feita no fog\u00e3o a lenha com um visual moderno e dur\u00e1vel. O acabamento em a\u00e7o inox oferece maior resist\u00eancia \u00e0 corros\u00e3o, facilidade de limpeza e um toque sofisticado ao ambiente.<\/p>\n","protected":false},"featured_media":2401,"template":"","meta":{"_joinchat":[]},"product_brand":[236],"product_cat":[30,28],"product_tag":[],"class_list":{"0":"post-2400","1":"product","2":"type-product","3":"status-publish","4":"has-post-thumbnail","6":"product_brand-hansen","7":"product_cat-fornos-e-fogoes","8":"product_cat-kit-fornos-e-fogoes","10":"first","11":"instock","12":"shipping-taxable","13":"purchasable","14":"product-type-simple"},"_links":{"self":[{"href":"https:\/\/reidastelhas.com.br\/loja\/wp-json\/wp\/v2\/product\/2400","targetHints":{"allow":["GET"]}}],"collection":[{"href":"https:\/\/reidastelhas.com.br\/loja\/wp-json\/wp\/v2\/product"}],"about":[{"href":"https:\/\/reidastelhas.com.br\/loja\/wp-json\/wp\/v2\/types\/product"}],"wp:featuredmedia":[{"embeddable":true,"href":"https:\/\/reidastelhas.com.br\/loja\/wp-json\/wp\/v2\/media\/2401"}],"wp:attachment":[{"href":"https:\/\/reidastelhas.com.br\/loja\/wp-json\/wp\/v2\/media?parent=2400"}],"wp:term":[{"taxonomy":"product_brand","embeddable":true,"href":"https:\/\/reidastelhas.com.br\/loja\/wp-json\/wp\/v2\/product_brand?post=2400"},{"taxonomy":"product_cat","embeddable":true,"href":"https:\/\/reidastelhas.com.br\/loja\/wp-json\/wp\/v2\/product_cat?post=2400"},{"taxonomy":"product_tag","embeddable":true,"href":"https:\/\/reidastelhas.com.br\/loja\/wp-json\/wp\/v2\/product_tag?post=2400"}],"curies":[{"name":"wp","href":"https:\/\/api.w.org\/{rel}","templated":true}]}}