{"id":2402,"date":"2025-12-22T14:34:44","date_gmt":"2025-12-22T17:34:44","guid":{"rendered":"https:\/\/reidastelhas.com.br\/loja\/?post_type=product&#038;p=2402"},"modified":"2025-12-22T14:34:45","modified_gmt":"2025-12-22T17:34:45","slug":"fogao-caipira-inox-com-caixa-e-chapa-de-aluminio","status":"publish","type":"product","link":"https:\/\/reidastelhas.com.br\/loja\/produto\/fogao-caipira-inox-com-caixa-e-chapa-de-aluminio\/","title":{"rendered":"Fog\u00e3o Caipira inox com caixa e chapa de alum\u00ednio"},"content":{"rendered":"<p>O Fog\u00e3o Caipira Inox com Caixa e Chapa de Alum\u00ednio \u00e9 ideal para quem busca desempenho, durabilidade e o sabor tradicional da comida feita no fog\u00e3o a lenha. Com acabamento em a\u00e7o inox, oferece maior resist\u00eancia \u00e0 corros\u00e3o, f\u00e1cil limpeza e um visual moderno, sem perder o estilo r\u00fastico<\/p>\n","protected":false},"excerpt":{"rendered":"<p>O Fog\u00e3o Caipira Inox com Caixa e Chapa de Alum\u00ednio \u00e9 ideal para quem busca desempenho, durabilidade e o sabor tradicional da comida feita no fog\u00e3o a lenha. Com acabamento em a\u00e7o inox, oferece maior resist\u00eancia \u00e0 corros\u00e3o, f\u00e1cil limpeza e um visual moderno, sem perder o estilo r\u00fastico<\/p>\n","protected":false},"featured_media":2403,"template":"","meta":{"_joinchat":[]},"product_brand":[236],"product_cat":[30,28],"product_tag":[],"class_list":{"0":"post-2402","1":"product","2":"type-product","3":"status-publish","4":"has-post-thumbnail","6":"product_brand-hansen","7":"product_cat-fornos-e-fogoes","8":"product_cat-kit-fornos-e-fogoes","10":"first","11":"instock","12":"shipping-taxable","13":"purchasable","14":"product-type-simple"},"_links":{"self":[{"href":"https:\/\/reidastelhas.com.br\/loja\/wp-json\/wp\/v2\/product\/2402","targetHints":{"allow":["GET"]}}],"collection":[{"href":"https:\/\/reidastelhas.com.br\/loja\/wp-json\/wp\/v2\/product"}],"about":[{"href":"https:\/\/reidastelhas.com.br\/loja\/wp-json\/wp\/v2\/types\/product"}],"wp:featuredmedia":[{"embeddable":true,"href":"https:\/\/reidastelhas.com.br\/loja\/wp-json\/wp\/v2\/media\/2403"}],"wp:attachment":[{"href":"https:\/\/reidastelhas.com.br\/loja\/wp-json\/wp\/v2\/media?parent=2402"}],"wp:term":[{"taxonomy":"product_brand","embeddable":true,"href":"https:\/\/reidastelhas.com.br\/loja\/wp-json\/wp\/v2\/product_brand?post=2402"},{"taxonomy":"product_cat","embeddable":true,"href":"https:\/\/reidastelhas.com.br\/loja\/wp-json\/wp\/v2\/product_cat?post=2402"},{"taxonomy":"product_tag","embeddable":true,"href":"https:\/\/reidastelhas.com.br\/loja\/wp-json\/wp\/v2\/product_tag?post=2402"}],"curies":[{"name":"wp","href":"https:\/\/api.w.org\/{rel}","templated":true}]}}