{"id":2409,"date":"2025-12-22T15:05:44","date_gmt":"2025-12-22T18:05:44","guid":{"rendered":"https:\/\/reidastelhas.com.br\/loja\/?post_type=product&#038;p=2409"},"modified":"2025-12-22T15:05:44","modified_gmt":"2025-12-22T18:05:44","slug":"fogao-luxo-com-gabinete-e-chapa-vitroceramica","status":"publish","type":"product","link":"https:\/\/reidastelhas.com.br\/loja\/produto\/fogao-luxo-com-gabinete-e-chapa-vitroceramica\/","title":{"rendered":"Fog\u00e3o Luxo com Gabinete e chapa vitrocer\u00e2mica"},"content":{"rendered":"<p>O Fog\u00e3o Luxo com Gabinete e Chapa Vitrocer\u00e2mica \u00e9 a escolha perfeita para quem busca alto padr\u00e3o de acabamento, efici\u00eancia t\u00e9rmica e o sabor tradicional da comida feita no fog\u00e3o a lenha. Com design sofisticado, ele se destaca em cozinhas externas, \u00e1reas gourmet, s\u00edtios e ch\u00e1caras.<\/p>\n","protected":false},"excerpt":{"rendered":"<div><u>CHAPA VITROCER\u00c2MICA<\/u><br \/>\nDimens\u00e3o s\u00f3 da chapa vitrocer\u00e2mica\u00a0795mm x 495mm<br \/>\nLargura com a borda de inox: 895mm<\/div>\n<div>Profundidade: 592mm<br \/>\nAltura: 850mm<br \/>\nDimens\u00e3o do forninho: Largura 330mm &#8211;\u00a0Profundidade: 490mm &#8211; Altura: 250mm<\/div>\n","protected":false},"featured_media":2412,"template":"","meta":{"_joinchat":[]},"product_brand":[236],"product_cat":[30,28],"product_tag":[],"class_list":{"0":"post-2409","1":"product","2":"type-product","3":"status-publish","4":"has-post-thumbnail","6":"product_brand-hansen","7":"product_cat-fornos-e-fogoes","8":"product_cat-kit-fornos-e-fogoes","10":"first","11":"instock","12":"shipping-taxable","13":"purchasable","14":"product-type-simple"},"_links":{"self":[{"href":"https:\/\/reidastelhas.com.br\/loja\/wp-json\/wp\/v2\/product\/2409","targetHints":{"allow":["GET"]}}],"collection":[{"href":"https:\/\/reidastelhas.com.br\/loja\/wp-json\/wp\/v2\/product"}],"about":[{"href":"https:\/\/reidastelhas.com.br\/loja\/wp-json\/wp\/v2\/types\/product"}],"wp:featuredmedia":[{"embeddable":true,"href":"https:\/\/reidastelhas.com.br\/loja\/wp-json\/wp\/v2\/media\/2412"}],"wp:attachment":[{"href":"https:\/\/reidastelhas.com.br\/loja\/wp-json\/wp\/v2\/media?parent=2409"}],"wp:term":[{"taxonomy":"product_brand","embeddable":true,"href":"https:\/\/reidastelhas.com.br\/loja\/wp-json\/wp\/v2\/product_brand?post=2409"},{"taxonomy":"product_cat","embeddable":true,"href":"https:\/\/reidastelhas.com.br\/loja\/wp-json\/wp\/v2\/product_cat?post=2409"},{"taxonomy":"product_tag","embeddable":true,"href":"https:\/\/reidastelhas.com.br\/loja\/wp-json\/wp\/v2\/product_tag?post=2409"}],"curies":[{"name":"wp","href":"https:\/\/api.w.org\/{rel}","templated":true}]}}