{"id":2426,"date":"2025-12-22T15:40:16","date_gmt":"2025-12-22T18:40:16","guid":{"rendered":"https:\/\/reidastelhas.com.br\/loja\/?post_type=product&#038;p=2426"},"modified":"2025-12-22T15:58:32","modified_gmt":"2025-12-22T18:58:32","slug":"forno-com-tijolos-refratarios","status":"publish","type":"product","link":"https:\/\/reidastelhas.com.br\/loja\/produto\/forno-com-tijolos-refratarios\/","title":{"rendered":"Forno de pizza com caldeira"},"content":{"rendered":"<p>INFORMA\u00c7\u00d5ES T\u00c9CNICAS:<\/p>\n<ul>\n<li>Portas, Cinzeiros e Grelha em material fundido<\/li>\n<li>Term\u00f4metro de at\u00e9 350\u00baC<\/li>\n<li>Contem 20 tijolos refrat\u00e1rios na parte interna<\/li>\n<li>Sa\u00edda de chamin\u00e9 115mm<\/li>\n<li>Di\u00e2metro interno do forno 430 x 300 x 580 (largura x altura x profundidade)<\/li>\n<li>Di\u00e2metro externo do forno 610 x 670 x 600 (largura x altura x profundidade)<\/li>\n<\/ul>\n","protected":false},"excerpt":{"rendered":"<p>INFORMA\u00c7\u00d5ES T\u00c9CNICAS: Portas, Cinzeiros e Grelha em material fundido Term\u00f4metro de at\u00e9 350\u00baC Contem 20 tijolos refrat\u00e1rios na parte interna Sa\u00edda de chamin\u00e9 115mm Di\u00e2metro interno do forno 430 x 300 x 580 (largura x altura x profundidade) Di\u00e2metro externo do forno 610 x 670 x 600 (largura x altura x profundidade)<\/p>\n","protected":false},"featured_media":2427,"template":"","meta":{"_joinchat":[]},"product_brand":[233],"product_cat":[30,28],"product_tag":[],"class_list":{"0":"post-2426","1":"product","2":"type-product","3":"status-publish","4":"has-post-thumbnail","6":"product_brand-patria","7":"product_cat-fornos-e-fogoes","8":"product_cat-kit-fornos-e-fogoes","10":"first","11":"instock","12":"shipping-taxable","13":"purchasable","14":"product-type-simple"},"_links":{"self":[{"href":"https:\/\/reidastelhas.com.br\/loja\/wp-json\/wp\/v2\/product\/2426","targetHints":{"allow":["GET"]}}],"collection":[{"href":"https:\/\/reidastelhas.com.br\/loja\/wp-json\/wp\/v2\/product"}],"about":[{"href":"https:\/\/reidastelhas.com.br\/loja\/wp-json\/wp\/v2\/types\/product"}],"wp:featuredmedia":[{"embeddable":true,"href":"https:\/\/reidastelhas.com.br\/loja\/wp-json\/wp\/v2\/media\/2427"}],"wp:attachment":[{"href":"https:\/\/reidastelhas.com.br\/loja\/wp-json\/wp\/v2\/media?parent=2426"}],"wp:term":[{"taxonomy":"product_brand","embeddable":true,"href":"https:\/\/reidastelhas.com.br\/loja\/wp-json\/wp\/v2\/product_brand?post=2426"},{"taxonomy":"product_cat","embeddable":true,"href":"https:\/\/reidastelhas.com.br\/loja\/wp-json\/wp\/v2\/product_cat?post=2426"},{"taxonomy":"product_tag","embeddable":true,"href":"https:\/\/reidastelhas.com.br\/loja\/wp-json\/wp\/v2\/product_tag?post=2426"}],"curies":[{"name":"wp","href":"https:\/\/api.w.org\/{rel}","templated":true}]}}