{"id":2445,"date":"2026-01-09T17:52:56","date_gmt":"2026-01-09T20:52:56","guid":{"rendered":"https:\/\/reidastelhas.com.br\/loja\/?post_type=product&#038;p=2445"},"modified":"2026-01-12T10:40:08","modified_gmt":"2026-01-12T13:40:08","slug":"lareira-belga-grande-de-canto","status":"publish","type":"product","link":"https:\/\/reidastelhas.com.br\/loja\/produto\/lareira-belga-grande-de-canto\/","title":{"rendered":"Lareira Belga Grande de Canto"},"content":{"rendered":"<p data-start=\"99\" data-end=\"361\">A Lareira Belga Grande de Canto \u00e9 perfeita para quem busca impon\u00eancia, eleg\u00e2ncia e m\u00e1ximo conforto. Seu formato de canto permite excelente aproveitamento do espa\u00e7o, criando um ponto focal sofisticado em salas amplas, \u00e1reas gourmet e ambientes integrados.<\/p>\n<p data-start=\"363\" data-end=\"617\">Com design no estilo belga, essa lareira oferece um visual cl\u00e1ssico e refinado, valorizando a decora\u00e7\u00e3o e tornando o ambiente mais acolhedor. O tamanho grande garante forte presen\u00e7a est\u00e9tica, ideal para quem deseja um ambiente marcante e convidativo.<\/p>\n","protected":false},"excerpt":{"rendered":"<h4 data-start=\"626\" data-end=\"643\"><strong data-start=\"631\" data-end=\"643\">Medidas:<\/strong><\/h4>\n<p data-start=\"646\" data-end=\"670\"><strong data-start=\"646\" data-end=\"657\">Altura:<\/strong> 1,40 metro<\/p>\n<p data-start=\"673\" data-end=\"703\"><strong data-start=\"673\" data-end=\"685\">Largura:<\/strong> 0,80 m x 0,80 m<\/p>\n<p data-start=\"673\" data-end=\"703\"><strong>Indicadas para ambientes de at\u00e9 70m\u00b2<br \/>\n<span class=\"_aupe copyable-text xkrh14z\">Como \u00e9 feito com produtos naturais, podem ocorrer varia\u00e7\u00f5es de tamanho.<\/span><br \/>\n<\/strong><\/p>\n","protected":false},"featured_media":2447,"template":"","meta":{"_joinchat":[]},"product_brand":[237],"product_cat":[24,32],"product_tag":[],"class_list":{"0":"post-2445","1":"product","2":"type-product","3":"status-publish","4":"has-post-thumbnail","6":"product_brand-lareiras-cruz-alta","7":"product_cat-area-gourmet","8":"product_cat-lareira","10":"first","11":"instock","12":"shipping-taxable","13":"purchasable","14":"product-type-simple"},"_links":{"self":[{"href":"https:\/\/reidastelhas.com.br\/loja\/wp-json\/wp\/v2\/product\/2445","targetHints":{"allow":["GET"]}}],"collection":[{"href":"https:\/\/reidastelhas.com.br\/loja\/wp-json\/wp\/v2\/product"}],"about":[{"href":"https:\/\/reidastelhas.com.br\/loja\/wp-json\/wp\/v2\/types\/product"}],"wp:featuredmedia":[{"embeddable":true,"href":"https:\/\/reidastelhas.com.br\/loja\/wp-json\/wp\/v2\/media\/2447"}],"wp:attachment":[{"href":"https:\/\/reidastelhas.com.br\/loja\/wp-json\/wp\/v2\/media?parent=2445"}],"wp:term":[{"taxonomy":"product_brand","embeddable":true,"href":"https:\/\/reidastelhas.com.br\/loja\/wp-json\/wp\/v2\/product_brand?post=2445"},{"taxonomy":"product_cat","embeddable":true,"href":"https:\/\/reidastelhas.com.br\/loja\/wp-json\/wp\/v2\/product_cat?post=2445"},{"taxonomy":"product_tag","embeddable":true,"href":"https:\/\/reidastelhas.com.br\/loja\/wp-json\/wp\/v2\/product_tag?post=2445"}],"curies":[{"name":"wp","href":"https:\/\/api.w.org\/{rel}","templated":true}]}}