{"id":2488,"date":"2026-01-10T11:09:39","date_gmt":"2026-01-10T14:09:39","guid":{"rendered":"https:\/\/reidastelhas.com.br\/loja\/?post_type=product&#038;p=2488"},"modified":"2026-01-10T11:09:40","modified_gmt":"2026-01-10T14:09:40","slug":"espeto-giratorio-a-pilha","status":"publish","type":"product","link":"https:\/\/reidastelhas.com.br\/loja\/produto\/espeto-giratorio-a-pilha\/","title":{"rendered":"Espeto Girat\u00f3rio a Pilha"},"content":{"rendered":"<p data-start=\"126\" data-end=\"388\">O Espeto Girat\u00f3rio a Pilha \u00e9 a solu\u00e7\u00e3o ideal para quem deseja mais praticidade, efici\u00eancia e qualidade no preparo do churrasco. Com sistema de rota\u00e7\u00e3o autom\u00e1tica, ele garante um assado uniforme, evitando que a carne queime ou asse de forma irregular.<\/p>\n<p data-start=\"390\" data-end=\"620\">Funcionando com pilhas, dispensa o uso de energia el\u00e9trica, sendo perfeito para uso em churrasqueiras, \u00e1reas externas, s\u00edtios, camping e eventos. Seu design compacto e funcional proporciona facilidade de instala\u00e7\u00e3o e opera\u00e7\u00e3o.<\/p>\n","protected":false},"excerpt":{"rendered":"<p>A\u00e7o inox (exceto parte da pilha e base de apoio)<\/p>\n<p>Capacidade: 4 Kg de carne.<\/p>\n<p>Tamanho do espeto: 50 a 65 cm<\/p>\n<p>Autonomia: 30h \u2013 4 pilhas AA (n\u00e3o inclusas)<\/p>\n","protected":false},"featured_media":2493,"template":"","meta":{"_joinchat":[]},"product_brand":[238],"product_cat":[36,41],"product_tag":[],"class_list":{"0":"post-2488","1":"product","2":"type-product","3":"status-publish","4":"has-post-thumbnail","6":"product_brand-xpeto","7":"product_cat-acessorios-gourmet","8":"product_cat-espetos-e-acessorios-geral","10":"first","11":"instock","12":"shipping-taxable","13":"purchasable","14":"product-type-simple"},"_links":{"self":[{"href":"https:\/\/reidastelhas.com.br\/loja\/wp-json\/wp\/v2\/product\/2488","targetHints":{"allow":["GET"]}}],"collection":[{"href":"https:\/\/reidastelhas.com.br\/loja\/wp-json\/wp\/v2\/product"}],"about":[{"href":"https:\/\/reidastelhas.com.br\/loja\/wp-json\/wp\/v2\/types\/product"}],"wp:featuredmedia":[{"embeddable":true,"href":"https:\/\/reidastelhas.com.br\/loja\/wp-json\/wp\/v2\/media\/2493"}],"wp:attachment":[{"href":"https:\/\/reidastelhas.com.br\/loja\/wp-json\/wp\/v2\/media?parent=2488"}],"wp:term":[{"taxonomy":"product_brand","embeddable":true,"href":"https:\/\/reidastelhas.com.br\/loja\/wp-json\/wp\/v2\/product_brand?post=2488"},{"taxonomy":"product_cat","embeddable":true,"href":"https:\/\/reidastelhas.com.br\/loja\/wp-json\/wp\/v2\/product_cat?post=2488"},{"taxonomy":"product_tag","embeddable":true,"href":"https:\/\/reidastelhas.com.br\/loja\/wp-json\/wp\/v2\/product_tag?post=2488"}],"curies":[{"name":"wp","href":"https:\/\/api.w.org\/{rel}","templated":true}]}}