{"id":2509,"date":"2026-01-10T11:48:28","date_gmt":"2026-01-10T14:48:28","guid":{"rendered":"https:\/\/reidastelhas.com.br\/loja\/?post_type=product&#038;p=2509"},"modified":"2026-01-10T11:48:28","modified_gmt":"2026-01-10T14:48:28","slug":"tabua-de-carne-pequena-oval","status":"publish","type":"product","link":"https:\/\/reidastelhas.com.br\/loja\/produto\/tabua-de-carne-pequena-oval\/","title":{"rendered":"T\u00e1bua de Carne Pequena Oval"},"content":{"rendered":"<p>T\u00e1bua de Carne Oval<\/p>\n<p>Madeira marfim e jatob\u00e1, envernizada, pr\u00f3pria para alimentos.<br \/>\nTamanho: 40 x 28 x 2 cm<br \/>\nPeso: 1,50 kg<\/p>\n<p>Poder\u00e1 ocorrer varia\u00e7\u00e3o na cor da t\u00e1bua<\/p>\n","protected":false},"excerpt":{"rendered":"<p>T\u00e1bua de Carne Oval Madeira marfim e jatob\u00e1, envernizada, pr\u00f3pria para alimentos. Tamanho: 40 x 28 x 2 cm Peso: 1,50 kg Poder\u00e1 ocorrer varia\u00e7\u00e3o na cor da t\u00e1bua<\/p>\n","protected":false},"featured_media":2510,"template":"","meta":{"_joinchat":[]},"product_brand":[238],"product_cat":[36,39],"product_tag":[],"class_list":{"0":"post-2509","1":"product","2":"type-product","3":"status-publish","4":"has-post-thumbnail","6":"product_brand-xpeto","7":"product_cat-acessorios-gourmet","8":"product_cat-tabuas","10":"first","11":"instock","12":"shipping-taxable","13":"purchasable","14":"product-type-simple"},"_links":{"self":[{"href":"https:\/\/reidastelhas.com.br\/loja\/wp-json\/wp\/v2\/product\/2509","targetHints":{"allow":["GET"]}}],"collection":[{"href":"https:\/\/reidastelhas.com.br\/loja\/wp-json\/wp\/v2\/product"}],"about":[{"href":"https:\/\/reidastelhas.com.br\/loja\/wp-json\/wp\/v2\/types\/product"}],"wp:featuredmedia":[{"embeddable":true,"href":"https:\/\/reidastelhas.com.br\/loja\/wp-json\/wp\/v2\/media\/2510"}],"wp:attachment":[{"href":"https:\/\/reidastelhas.com.br\/loja\/wp-json\/wp\/v2\/media?parent=2509"}],"wp:term":[{"taxonomy":"product_brand","embeddable":true,"href":"https:\/\/reidastelhas.com.br\/loja\/wp-json\/wp\/v2\/product_brand?post=2509"},{"taxonomy":"product_cat","embeddable":true,"href":"https:\/\/reidastelhas.com.br\/loja\/wp-json\/wp\/v2\/product_cat?post=2509"},{"taxonomy":"product_tag","embeddable":true,"href":"https:\/\/reidastelhas.com.br\/loja\/wp-json\/wp\/v2\/product_tag?post=2509"}],"curies":[{"name":"wp","href":"https:\/\/api.w.org\/{rel}","templated":true}]}}