{"id":2520,"date":"2026-01-10T12:03:08","date_gmt":"2026-01-10T15:03:08","guid":{"rendered":"https:\/\/reidastelhas.com.br\/loja\/?post_type=product&#038;p=2520"},"modified":"2026-01-10T12:03:08","modified_gmt":"2026-01-10T15:03:08","slug":"escova-para-limpar-grelhas-cabo-longo","status":"publish","type":"product","link":"https:\/\/reidastelhas.com.br\/loja\/produto\/escova-para-limpar-grelhas-cabo-longo\/","title":{"rendered":"Escova para limpar Grelhas Cabo Longo"},"content":{"rendered":"<p>Escova para Limpar Grelhas<\/p>\n<p>Escova com cerdas de inox para limpar grelhas e churrasqueiras<\/p>\n<p>Com esp\u00e1tula acoplada para remo\u00e7\u00e3o de incrusta\u00e7\u00f5es e limpeza pesada<\/p>\n","protected":false},"excerpt":{"rendered":"<p>Medidas: 30 cm comprimento x 5,5 cm largura x 2 cm de altura<\/p>\n","protected":false},"featured_media":2522,"template":"","meta":{"_joinchat":[]},"product_brand":[238],"product_cat":[36,41],"product_tag":[],"class_list":{"0":"post-2520","1":"product","2":"type-product","3":"status-publish","4":"has-post-thumbnail","6":"product_brand-xpeto","7":"product_cat-acessorios-gourmet","8":"product_cat-espetos-e-acessorios-geral","10":"first","11":"instock","12":"shipping-taxable","13":"purchasable","14":"product-type-simple"},"_links":{"self":[{"href":"https:\/\/reidastelhas.com.br\/loja\/wp-json\/wp\/v2\/product\/2520","targetHints":{"allow":["GET"]}}],"collection":[{"href":"https:\/\/reidastelhas.com.br\/loja\/wp-json\/wp\/v2\/product"}],"about":[{"href":"https:\/\/reidastelhas.com.br\/loja\/wp-json\/wp\/v2\/types\/product"}],"wp:featuredmedia":[{"embeddable":true,"href":"https:\/\/reidastelhas.com.br\/loja\/wp-json\/wp\/v2\/media\/2522"}],"wp:attachment":[{"href":"https:\/\/reidastelhas.com.br\/loja\/wp-json\/wp\/v2\/media?parent=2520"}],"wp:term":[{"taxonomy":"product_brand","embeddable":true,"href":"https:\/\/reidastelhas.com.br\/loja\/wp-json\/wp\/v2\/product_brand?post=2520"},{"taxonomy":"product_cat","embeddable":true,"href":"https:\/\/reidastelhas.com.br\/loja\/wp-json\/wp\/v2\/product_cat?post=2520"},{"taxonomy":"product_tag","embeddable":true,"href":"https:\/\/reidastelhas.com.br\/loja\/wp-json\/wp\/v2\/product_tag?post=2520"}],"curies":[{"name":"wp","href":"https:\/\/api.w.org\/{rel}","templated":true}]}}