{"id":2527,"date":"2026-01-12T10:12:24","date_gmt":"2026-01-12T13:12:24","guid":{"rendered":"https:\/\/reidastelhas.com.br\/loja\/?post_type=product&#038;p=2527"},"modified":"2026-01-12T10:39:36","modified_gmt":"2026-01-12T13:39:36","slug":"lareira-chinesa-media-de-parede","status":"publish","type":"product","link":"https:\/\/reidastelhas.com.br\/loja\/produto\/lareira-chinesa-media-de-parede\/","title":{"rendered":"LAREIRA CHINESA M\u00c9DIA DE PAREDE"},"content":{"rendered":"<p data-start=\"110\" data-end=\"349\">A Lareira Chinesa M\u00e9dia de Parede \u00e9 perfeita para quem deseja eleg\u00e2ncia, aconchego e sofistica\u00e7\u00e3o em um formato compacto e funcional. Seu design de parede valoriza o ambiente, criando um ponto de destaque sem ocupar espa\u00e7o no piso.<\/p>\n<p data-start=\"351\" data-end=\"550\">Com acabamento refinado e estilo marcante, essa lareira combina facilmente com diferentes tipos de decora\u00e7\u00e3o, tornando salas, \u00e1reas gourmet e ambientes internos ainda mais acolhedores e convidativos.<\/p>\n","protected":false},"excerpt":{"rendered":"<p>Medidas:<br \/>\nAltura: 1,30 m<br \/>\nLargura:1,0 m<br \/>\nProfundidade: 0,60 m<\/p>\n<p><strong>Indicadas para ambientes de at\u00e9 50m\u00b2<br \/>\n<span class=\"_aupe copyable-text xkrh14z\">Como \u00e9 feito com produtos naturais, podem ocorrer varia\u00e7\u00f5es de tamanho.<\/span><br \/>\n<\/strong><\/p>\n","protected":false},"featured_media":2528,"template":"","meta":{"_joinchat":[]},"product_brand":[237],"product_cat":[32],"product_tag":[],"class_list":{"0":"post-2527","1":"product","2":"type-product","3":"status-publish","4":"has-post-thumbnail","6":"product_brand-lareiras-cruz-alta","7":"product_cat-lareira","9":"first","10":"instock","11":"shipping-taxable","12":"purchasable","13":"product-type-simple"},"_links":{"self":[{"href":"https:\/\/reidastelhas.com.br\/loja\/wp-json\/wp\/v2\/product\/2527","targetHints":{"allow":["GET"]}}],"collection":[{"href":"https:\/\/reidastelhas.com.br\/loja\/wp-json\/wp\/v2\/product"}],"about":[{"href":"https:\/\/reidastelhas.com.br\/loja\/wp-json\/wp\/v2\/types\/product"}],"wp:featuredmedia":[{"embeddable":true,"href":"https:\/\/reidastelhas.com.br\/loja\/wp-json\/wp\/v2\/media\/2528"}],"wp:attachment":[{"href":"https:\/\/reidastelhas.com.br\/loja\/wp-json\/wp\/v2\/media?parent=2527"}],"wp:term":[{"taxonomy":"product_brand","embeddable":true,"href":"https:\/\/reidastelhas.com.br\/loja\/wp-json\/wp\/v2\/product_brand?post=2527"},{"taxonomy":"product_cat","embeddable":true,"href":"https:\/\/reidastelhas.com.br\/loja\/wp-json\/wp\/v2\/product_cat?post=2527"},{"taxonomy":"product_tag","embeddable":true,"href":"https:\/\/reidastelhas.com.br\/loja\/wp-json\/wp\/v2\/product_tag?post=2527"}],"curies":[{"name":"wp","href":"https:\/\/api.w.org\/{rel}","templated":true}]}}