{"id":2540,"date":"2026-01-12T10:36:29","date_gmt":"2026-01-12T13:36:29","guid":{"rendered":"https:\/\/reidastelhas.com.br\/loja\/?post_type=product&#038;p=2540"},"modified":"2026-01-12T17:37:58","modified_gmt":"2026-01-12T20:37:58","slug":"2540","status":"publish","type":"product","link":"https:\/\/reidastelhas.com.br\/loja\/produto\/2540\/","title":{"rendered":"Kit R\u00fastico Chapa Naval"},"content":{"rendered":"<p data-start=\"102\" data-end=\"431\">O Kit R\u00fastico Chapa Naval \u00e9 a escolha ideal para quem busca resist\u00eancia, estilo e funcionalidade para \u00e1reas gourmet, churrasqueiras e ambientes externos. Produzido em chapa naval, material conhecido pela alta durabilidade e resist\u00eancia \u00e0 umidade e ao calor, este kit oferece excelente desempenho mesmo em uso intenso.<\/p>\n<p data-start=\"433\" data-end=\"572\">Com acabamento r\u00fastico, o kit agrega um visual sofisticado e robusto, valorizando o ambiente e proporcionando praticidade no dia a dia.<\/p>\n","protected":false},"excerpt":{"rendered":"<p>Produto fabricado sob encomenda, montado de acordo com as especifica\u00e7\u00f5es do cliente<\/p>\n","protected":false},"featured_media":2541,"template":"","meta":{"_joinchat":[]},"product_brand":[237],"product_cat":[31],"product_tag":[],"class_list":{"0":"post-2540","1":"product","2":"type-product","3":"status-publish","4":"has-post-thumbnail","6":"product_brand-lareiras-cruz-alta","7":"product_cat-kit-rustico","9":"first","10":"instock","11":"shipping-taxable","12":"purchasable","13":"product-type-simple"},"_links":{"self":[{"href":"https:\/\/reidastelhas.com.br\/loja\/wp-json\/wp\/v2\/product\/2540","targetHints":{"allow":["GET"]}}],"collection":[{"href":"https:\/\/reidastelhas.com.br\/loja\/wp-json\/wp\/v2\/product"}],"about":[{"href":"https:\/\/reidastelhas.com.br\/loja\/wp-json\/wp\/v2\/types\/product"}],"wp:featuredmedia":[{"embeddable":true,"href":"https:\/\/reidastelhas.com.br\/loja\/wp-json\/wp\/v2\/media\/2541"}],"wp:attachment":[{"href":"https:\/\/reidastelhas.com.br\/loja\/wp-json\/wp\/v2\/media?parent=2540"}],"wp:term":[{"taxonomy":"product_brand","embeddable":true,"href":"https:\/\/reidastelhas.com.br\/loja\/wp-json\/wp\/v2\/product_brand?post=2540"},{"taxonomy":"product_cat","embeddable":true,"href":"https:\/\/reidastelhas.com.br\/loja\/wp-json\/wp\/v2\/product_cat?post=2540"},{"taxonomy":"product_tag","embeddable":true,"href":"https:\/\/reidastelhas.com.br\/loja\/wp-json\/wp\/v2\/product_tag?post=2540"}],"curies":[{"name":"wp","href":"https:\/\/api.w.org\/{rel}","templated":true}]}}