{"id":2550,"date":"2026-01-12T11:36:42","date_gmt":"2026-01-12T14:36:42","guid":{"rendered":"https:\/\/reidastelhas.com.br\/loja\/?post_type=product&#038;p=2550"},"modified":"2026-01-12T11:38:40","modified_gmt":"2026-01-12T14:38:40","slug":"2550","status":"publish","type":"product","link":"https:\/\/reidastelhas.com.br\/loja\/produto\/2550\/","title":{"rendered":"Suporte para Lenha"},"content":{"rendered":"<p data-start=\"99\" data-end=\"344\">O Suporte para Lenha \u00e9 o acess\u00f3rio ideal para manter suas lenhas organizadas, secas e sempre \u00e0 m\u00e3o. Al\u00e9m de funcional, ele valoriza o ambiente, trazendo um visual r\u00fastico e elegante para \u00e1reas com lareira, fog\u00e3o a lenha ou churrasqueira.<\/p>\n<p><strong>Fabricada em a\u00e7o carbono, zincada e com pintura resistente.<\/strong><\/p>\n","protected":false},"excerpt":{"rendered":"<p><strong>Tamanho: <\/strong><strong>48 cm x 33 cm x 40\u00a0cm<br \/>\n<\/strong><\/p>\n<p><strong>Imagem ilustrativa: a lenha n\u00e3o acompanha o produto<\/strong><\/p>\n","protected":false},"featured_media":2552,"template":"","meta":{"_joinchat":[]},"product_brand":[238],"product_cat":[32],"product_tag":[],"class_list":{"0":"post-2550","1":"product","2":"type-product","3":"status-publish","4":"has-post-thumbnail","6":"product_brand-xpeto","7":"product_cat-lareira","9":"first","10":"instock","11":"shipping-taxable","12":"purchasable","13":"product-type-simple"},"_links":{"self":[{"href":"https:\/\/reidastelhas.com.br\/loja\/wp-json\/wp\/v2\/product\/2550","targetHints":{"allow":["GET"]}}],"collection":[{"href":"https:\/\/reidastelhas.com.br\/loja\/wp-json\/wp\/v2\/product"}],"about":[{"href":"https:\/\/reidastelhas.com.br\/loja\/wp-json\/wp\/v2\/types\/product"}],"wp:featuredmedia":[{"embeddable":true,"href":"https:\/\/reidastelhas.com.br\/loja\/wp-json\/wp\/v2\/media\/2552"}],"wp:attachment":[{"href":"https:\/\/reidastelhas.com.br\/loja\/wp-json\/wp\/v2\/media?parent=2550"}],"wp:term":[{"taxonomy":"product_brand","embeddable":true,"href":"https:\/\/reidastelhas.com.br\/loja\/wp-json\/wp\/v2\/product_brand?post=2550"},{"taxonomy":"product_cat","embeddable":true,"href":"https:\/\/reidastelhas.com.br\/loja\/wp-json\/wp\/v2\/product_cat?post=2550"},{"taxonomy":"product_tag","embeddable":true,"href":"https:\/\/reidastelhas.com.br\/loja\/wp-json\/wp\/v2\/product_tag?post=2550"}],"curies":[{"name":"wp","href":"https:\/\/api.w.org\/{rel}","templated":true}]}}