{"id":2554,"date":"2026-01-12T11:43:02","date_gmt":"2026-01-12T14:43:02","guid":{"rendered":"https:\/\/reidastelhas.com.br\/loja\/?post_type=product&#038;p=2554"},"modified":"2026-01-12T11:43:02","modified_gmt":"2026-01-12T14:43:02","slug":"grelha-argentina","status":"publish","type":"product","link":"https:\/\/reidastelhas.com.br\/loja\/produto\/grelha-argentina\/","title":{"rendered":"Grelha Argentina"},"content":{"rendered":"<p>A Grelha Argentina para Churrasco com Cabo de Madeira \u00e9 ideal para quem busca qualidade, resist\u00eancia e excelente resultado no preparo das carnes. Seu sistema de grelha no estilo argentino permite melhor distribui\u00e7\u00e3o do calor, garantindo um assado uniforme, suculento e no ponto certo.<\/p>\n","protected":false},"excerpt":{"rendered":"<p>Duas op\u00e7\u00f5es dispon\u00edveis<\/p>\n","protected":false},"featured_media":2558,"template":"","meta":{"_joinchat":[]},"product_brand":[239],"product_cat":[36,40],"product_tag":[],"class_list":{"0":"post-2554","1":"product","2":"type-product","3":"status-publish","4":"has-post-thumbnail","6":"product_brand-grilazer","7":"product_cat-acessorios-gourmet","8":"product_cat-grelhas","10":"first","11":"instock","12":"shipping-taxable","13":"purchasable","14":"product-type-variable"},"_links":{"self":[{"href":"https:\/\/reidastelhas.com.br\/loja\/wp-json\/wp\/v2\/product\/2554","targetHints":{"allow":["GET"]}}],"collection":[{"href":"https:\/\/reidastelhas.com.br\/loja\/wp-json\/wp\/v2\/product"}],"about":[{"href":"https:\/\/reidastelhas.com.br\/loja\/wp-json\/wp\/v2\/types\/product"}],"wp:featuredmedia":[{"embeddable":true,"href":"https:\/\/reidastelhas.com.br\/loja\/wp-json\/wp\/v2\/media\/2558"}],"wp:attachment":[{"href":"https:\/\/reidastelhas.com.br\/loja\/wp-json\/wp\/v2\/media?parent=2554"}],"wp:term":[{"taxonomy":"product_brand","embeddable":true,"href":"https:\/\/reidastelhas.com.br\/loja\/wp-json\/wp\/v2\/product_brand?post=2554"},{"taxonomy":"product_cat","embeddable":true,"href":"https:\/\/reidastelhas.com.br\/loja\/wp-json\/wp\/v2\/product_cat?post=2554"},{"taxonomy":"product_tag","embeddable":true,"href":"https:\/\/reidastelhas.com.br\/loja\/wp-json\/wp\/v2\/product_tag?post=2554"}],"curies":[{"name":"wp","href":"https:\/\/api.w.org\/{rel}","templated":true}]}}