{"id":2561,"date":"2026-01-12T13:41:14","date_gmt":"2026-01-12T16:41:14","guid":{"rendered":"https:\/\/reidastelhas.com.br\/loja\/?post_type=product&#038;p=2561"},"modified":"2026-01-12T16:31:55","modified_gmt":"2026-01-12T19:31:55","slug":"kit-giratorio-3-espeto-curto","status":"publish","type":"product","link":"https:\/\/reidastelhas.com.br\/loja\/produto\/kit-giratorio-3-espeto-curto\/","title":{"rendered":"KIT GIRAT\u00d3RIO SIMPLES DE 3 ESPETOS CURTO"},"content":{"rendered":"<p data-start=\"245\" data-end=\"514\">A Churrasqueira Girat\u00f3ria Inox \u00e9, sem d\u00favida, uma das melhores da categoria. Desenvolvida com alto padr\u00e3o de acabamento e qualidade, ela \u00e9 fabricada em chapa de a\u00e7o inox 430 de 1 mm, garantindo resist\u00eancia, durabilidade e excelente desempenho t\u00e9rmico.<\/p>\n<p data-start=\"516\" data-end=\"855\">Os espetos com cabos revestidos em alum\u00ednio n\u00e3o superaquece, s\u00e3o f\u00e1ceis de limpar e oferecem muito mais seguran\u00e7a durante o uso. O sistema \u00e9 compat\u00edvel com churrasqueiras a carv\u00e3o, podendo ser instalado tanto em bancadas de alvenaria quanto em churrasqueiras pr\u00e9-moldadas, adaptando-se perfeitamente a diferentes ambientes.<\/p>\n<p class=\"_aupe copyable-text x15bjb6t x1n2onr6\"><span class=\"_aupe copyable-text xkrh14z\">Diferenciais:<\/span><\/p>\n<p class=\"_aupe copyable-text x15bjb6t x1n2onr6\"><span class=\"_aupe copyable-text xkrh14z\">Sistema de rota\u00e7\u00e3o cruzada: os espetos giram em sentidos opostos, evitando interfer\u00eancia entre eles<\/span><\/p>\n<p class=\"_aupe copyable-text x15bjb6t x1n2onr6\"><span class=\"_aupe copyable-text xkrh14z\">Motor el\u00e9trico bivolt (127V \/ 220V) com chave seletora <\/span><span class=\"_aupe copyable-text xkrh14z\">(aten\u00e7\u00e3o: o produto sai de f\u00e1brica configurado em 220V)<\/span><\/p>\n<p class=\"_aupe copyable-text x15bjb6t x1n2onr6\"><span class=\"_aupe copyable-text xkrh14z\">Motor WEG original 1\/30 HP, o melhor da categoria<\/span><\/p>\n<p class=\"_aupe copyable-text x15bjb6t x1n2onr6\"><span class=\"_aupe copyable-text xkrh14z\">Frequ\u00eancia: 60 Hz<\/span><\/p>\n<p class=\"_aupe copyable-text x15bjb6t x1n2onr6\"><span class=\"_aupe copyable-text xkrh14z\">Acompanha manual de montagem passo a passo<\/span><\/p>\n<p>&nbsp;<\/p>\n<p class=\"_aupe copyable-text x15bjb6t x1n2onr6\"><span class=\"_aupe copyable-text xkrh14z\">Itens Inclusos:<\/span><\/p>\n<p class=\"_aupe copyable-text x15bjb6t x1n2onr6\"><span class=\"_aupe copyable-text xkrh14z\">1 Churrasqueira Girat\u00f3ria Inox Baixa \u2013 3 Espetos \u2013 Motor Esquerdo ou direito<\/span><\/p>\n<p class=\"_aupe copyable-text x15bjb6t x1n2onr6\"><span class=\"_aupe copyable-text xkrh14z\">3 Espetos Tridente Girat\u00f3rios<\/span><\/p>\n<p class=\"_aupe copyable-text x15bjb6t x1n2onr6\"><span class=\"_aupe copyable-text xkrh14z\">\u00a0<\/span><\/p>\n","protected":false},"excerpt":{"rendered":"<h3 data-start=\"1352\" data-end=\"1380\"><strong data-start=\"1356\" data-end=\"1380\">Dimens\u00f5es do Produto:<\/strong><\/h3>\n<p data-start=\"1383\" data-end=\"1425\"><strong data-start=\"1383\" data-end=\"1395\">Largura:<\/strong> 43 cm (ajust\u00e1vel at\u00e9 33 cm)<br \/>\n<strong data-start=\"1428\" data-end=\"1455\">Profundidade com motor:<\/strong> 62,5 cm<br \/>\n<strong data-start=\"1468\" data-end=\"1495\">Profundidade sem motor:<\/strong> 45 cm<br \/>\n<strong data-start=\"1506\" data-end=\"1534\">Altura da churrasqueira:<\/strong> 12 cm<br \/>\n<strong data-start=\"1545\" data-end=\"1566\">Largura do motor:<\/strong> 11 cm<br \/>\n<strong data-start=\"1577\" data-end=\"1597\">Altura do motor:<\/strong> 12 cm<br \/>\n<strong data-start=\"1608\" data-end=\"1634\">Profundidade do motor:<\/strong> 17,5 cm<br \/>\n<strong data-start=\"1647\" data-end=\"1662\">Peso total:<\/strong> 4,175 kg<br \/>\n<strong data-start=\"1676\" data-end=\"1689\">Material:<\/strong> A\u00e7o Inox 430 Brilhante<br \/>\n<strong data-start=\"1717\" data-end=\"1736\">Marca do motor:<\/strong> WEG<\/p>\n","protected":false},"featured_media":2566,"template":"","meta":{"_joinchat":[]},"product_brand":[224],"product_cat":[36,41],"product_tag":[],"class_list":{"0":"post-2561","1":"product","2":"type-product","3":"status-publish","4":"has-post-thumbnail","6":"product_brand-laurindos","7":"product_cat-acessorios-gourmet","8":"product_cat-espetos-e-acessorios-geral","10":"first","11":"instock","12":"shipping-taxable","13":"purchasable","14":"product-type-variable"},"_links":{"self":[{"href":"https:\/\/reidastelhas.com.br\/loja\/wp-json\/wp\/v2\/product\/2561","targetHints":{"allow":["GET"]}}],"collection":[{"href":"https:\/\/reidastelhas.com.br\/loja\/wp-json\/wp\/v2\/product"}],"about":[{"href":"https:\/\/reidastelhas.com.br\/loja\/wp-json\/wp\/v2\/types\/product"}],"wp:featuredmedia":[{"embeddable":true,"href":"https:\/\/reidastelhas.com.br\/loja\/wp-json\/wp\/v2\/media\/2566"}],"wp:attachment":[{"href":"https:\/\/reidastelhas.com.br\/loja\/wp-json\/wp\/v2\/media?parent=2561"}],"wp:term":[{"taxonomy":"product_brand","embeddable":true,"href":"https:\/\/reidastelhas.com.br\/loja\/wp-json\/wp\/v2\/product_brand?post=2561"},{"taxonomy":"product_cat","embeddable":true,"href":"https:\/\/reidastelhas.com.br\/loja\/wp-json\/wp\/v2\/product_cat?post=2561"},{"taxonomy":"product_tag","embeddable":true,"href":"https:\/\/reidastelhas.com.br\/loja\/wp-json\/wp\/v2\/product_tag?post=2561"}],"curies":[{"name":"wp","href":"https:\/\/api.w.org\/{rel}","templated":true}]}}