{"id":2578,"date":"2026-01-12T14:20:08","date_gmt":"2026-01-12T17:20:08","guid":{"rendered":"https:\/\/reidastelhas.com.br\/loja\/?post_type=product&#038;p=2578"},"modified":"2026-01-12T16:33:29","modified_gmt":"2026-01-12T19:33:29","slug":"kit-de-espeto-giratorio-5-espeto-curto","status":"publish","type":"product","link":"https:\/\/reidastelhas.com.br\/loja\/produto\/kit-de-espeto-giratorio-5-espeto-curto\/","title":{"rendered":"KIT GIRAT\u00d3RIO SIMPLES DE 5 ESPETOS CURTO"},"content":{"rendered":"<p class=\"_aupe copyable-text x15bjb6t x1n2onr6\"><span class=\"_aupe copyable-text xkrh14z\">Prepare o melhor churrasco para amigos e fam\u00edlia ou utilize em seu neg\u00f3cio para oferecer o que h\u00e1 de melhor no mercado.<\/span><\/p>\n<p class=\"_aupe copyable-text x15bjb6t x1n2onr6\"><span class=\"_aupe copyable-text xkrh14z\">A Churrasqueira Girat\u00f3ria Inox \u00e9, sem d\u00favida, uma das melhores da categoria. Desenvolvida com alto padr\u00e3o de acabamento e qualidade, \u00e9 fabricada em chapa de a\u00e7o inox 430 de 1 mm, garantindo excelente resist\u00eancia e durabilidade.<\/span><\/p>\n<p class=\"_aupe copyable-text x15bjb6t x1n2onr6\"><span class=\"_aupe copyable-text xkrh14z\">Os espetos com cabos revestidos em alum\u00ednio n\u00e3o superaquece, s\u00e3o f\u00e1ceis de limpar e oferecem mais seguran\u00e7a durante o uso.<\/span><\/p>\n<p class=\"_aupe copyable-text x15bjb6t x1n2onr6\"><span class=\"_aupe copyable-text xkrh14z\">Compat\u00edvel com churrasqueiras a carv\u00e3o, pode ser instalada tanto em bancadas de alvenaria quanto em churrasqueiras pr\u00e9-moldadas, sendo ideal para diferentes espa\u00e7os e ambientes.<\/span><\/p>\n<p>&nbsp;<\/p>\n<p class=\"_aupe copyable-text x15bjb6t x1n2onr6\"><strong><span class=\"_aupe copyable-text xkrh14z\">Diferenciais<\/span><\/strong><\/p>\n<p class=\"_aupe copyable-text x15bjb6t x1n2onr6\"><span class=\"_aupe copyable-text xkrh14z\">Rota\u00e7\u00e3o cruzada: os espetos giram em sentidos opostos, evitando interfer\u00eancia entre eles<\/span><\/p>\n<p class=\"_aupe copyable-text x15bjb6t x1n2onr6\"><span class=\"_aupe copyable-text xkrh14z\">Motor el\u00e9trico bivolt (127V \/ 220V) com chave seletora<\/span><\/p>\n<p class=\"_aupe copyable-text x15bjb6t x1n2onr6\"><span class=\"_aupe copyable-text xkrh14z\">(aten\u00e7\u00e3o: o produto sai de f\u00e1brica configurado em 220V)<\/span><\/p>\n<p class=\"_aupe copyable-text x15bjb6t x1n2onr6\"><span class=\"_aupe copyable-text xkrh14z\">Motor WEG original 1\/30 HP, refer\u00eancia em desempenho e durabilidade<\/span><\/p>\n<p class=\"_aupe copyable-text x15bjb6t x1n2onr6\"><span class=\"_aupe copyable-text xkrh14z\">Frequ\u00eancia: 60 Hz<\/span><\/p>\n<p class=\"_aupe copyable-text x15bjb6t x1n2onr6\"><span class=\"_aupe copyable-text xkrh14z\">Acompanha manual de montagem passo a passo<\/span><\/p>\n<p class=\"_aupe copyable-text x15bjb6t x1n2onr6\"><span class=\"_aupe copyable-text xkrh14z\"><strong>Itens Inclusos<\/strong><br \/>\n<\/span><\/p>\n<p class=\"_aupe copyable-text x15bjb6t x1n2onr6\"><span class=\"_aupe copyable-text xkrh14z\">1 Churrasqueira Girat\u00f3ria Baixa Inox \u2013 5 Espetos \u2013 Motor Lado Esquerdo ou direito\u00a0<\/span><\/p>\n<p class=\"_aupe copyable-text x15bjb6t x1n2onr6\"><span class=\"_aupe copyable-text xkrh14z\">5 Espetos Tridente Girat\u00f3rios<\/span><\/p>\n<p class=\"_aupe copyable-text x15bjb6t x1n2onr6\">\n","protected":false},"excerpt":{"rendered":"<p class=\"_aupe copyable-text x15bjb6t x1n2onr6\"><strong><span class=\"_aupe copyable-text xkrh14z\">Dimens\u00f5es do Produto<\/span><\/strong><\/p>\n<p class=\"_aupe copyable-text x15bjb6t x1n2onr6\"><span class=\"_aupe copyable-text xkrh14z\">Largura: 63 cm (ajust\u00e1vel at\u00e9 53 cm)<\/span><\/p>\n<p class=\"_aupe copyable-text x15bjb6t x1n2onr6\"><span class=\"_aupe copyable-text xkrh14z\">Profundidade com motor: 62,5 cm<\/span><\/p>\n<p class=\"_aupe copyable-text x15bjb6t x1n2onr6\"><span class=\"_aupe copyable-text xkrh14z\">Profundidade sem motor: 45 cm<\/span><\/p>\n<p class=\"_aupe copyable-text x15bjb6t x1n2onr6\"><span class=\"_aupe copyable-text xkrh14z\">Altura da churrasqueira: 12 cm<\/span><\/p>\n<p class=\"_aupe copyable-text x15bjb6t x1n2onr6\"><span class=\"_aupe copyable-text xkrh14z\">Largura do motor: 11 cm<\/span><\/p>\n<p class=\"_aupe copyable-text x15bjb6t x1n2onr6\"><span class=\"_aupe copyable-text xkrh14z\">Altura do motor: 12 cm<\/span><\/p>\n<p class=\"_aupe copyable-text x15bjb6t x1n2onr6\"><span class=\"_aupe copyable-text xkrh14z\">Profundidade do motor: 17,5 cm<\/span><\/p>\n<p class=\"_aupe copyable-text x15bjb6t x1n2onr6\"><span class=\"_aupe copyable-text xkrh14z\">Peso total: 5,9 kg<\/span><\/p>\n<p class=\"_aupe copyable-text x15bjb6t x1n2onr6\"><span class=\"_aupe copyable-text xkrh14z\">Material: A\u00e7o Inox 430 Brilhante<\/span><\/p>\n<p class=\"_aupe copyable-text x15bjb6t x1n2onr6\"><span class=\"_aupe copyable-text xkrh14z\">Marca do motor: WEG<\/span><\/p>\n","protected":false},"featured_media":2585,"template":"","meta":{"_joinchat":[]},"product_brand":[224],"product_cat":[36,41],"product_tag":[],"class_list":{"0":"post-2578","1":"product","2":"type-product","3":"status-publish","4":"has-post-thumbnail","6":"product_brand-laurindos","7":"product_cat-acessorios-gourmet","8":"product_cat-espetos-e-acessorios-geral","10":"first","11":"instock","12":"shipping-taxable","13":"purchasable","14":"product-type-variable"},"_links":{"self":[{"href":"https:\/\/reidastelhas.com.br\/loja\/wp-json\/wp\/v2\/product\/2578","targetHints":{"allow":["GET"]}}],"collection":[{"href":"https:\/\/reidastelhas.com.br\/loja\/wp-json\/wp\/v2\/product"}],"about":[{"href":"https:\/\/reidastelhas.com.br\/loja\/wp-json\/wp\/v2\/types\/product"}],"wp:featuredmedia":[{"embeddable":true,"href":"https:\/\/reidastelhas.com.br\/loja\/wp-json\/wp\/v2\/media\/2585"}],"wp:attachment":[{"href":"https:\/\/reidastelhas.com.br\/loja\/wp-json\/wp\/v2\/media?parent=2578"}],"wp:term":[{"taxonomy":"product_brand","embeddable":true,"href":"https:\/\/reidastelhas.com.br\/loja\/wp-json\/wp\/v2\/product_brand?post=2578"},{"taxonomy":"product_cat","embeddable":true,"href":"https:\/\/reidastelhas.com.br\/loja\/wp-json\/wp\/v2\/product_cat?post=2578"},{"taxonomy":"product_tag","embeddable":true,"href":"https:\/\/reidastelhas.com.br\/loja\/wp-json\/wp\/v2\/product_tag?post=2578"}],"curies":[{"name":"wp","href":"https:\/\/api.w.org\/{rel}","templated":true}]}}