{"id":2601,"date":"2026-01-12T15:11:04","date_gmt":"2026-01-12T18:11:04","guid":{"rendered":"https:\/\/reidastelhas.com.br\/loja\/?post_type=product&#038;p=2601"},"modified":"2026-01-12T16:34:24","modified_gmt":"2026-01-12T19:34:24","slug":"kit-de-espeto-giratorio-duplo-3-espeto-longo","status":"publish","type":"product","link":"https:\/\/reidastelhas.com.br\/loja\/produto\/kit-de-espeto-giratorio-duplo-3-espeto-longo\/","title":{"rendered":"KIT GIRAT\u00d3RIO DUPLO DE 3 ESPETOS LONGO"},"content":{"rendered":"<p data-start=\"406\" data-end=\"597\">Este kit girat\u00f3rio acompanha 3 espetos tridentes em a\u00e7o inox, com cabos de madeira revestidos em alum\u00ednio, que evitam o aquecimento e garantem mais seguran\u00e7a e conforto durante o uso.<\/p>\n<p data-start=\"599\" data-end=\"757\">A estrutura \u00e9 fabricada em a\u00e7o inox 430, incluindo parafusos e arruelas em inox, garantindo alta resist\u00eancia, durabilidade e excelente acabamento.<\/p>\n<p data-start=\"759\" data-end=\"995\">Conta com motor el\u00e9trico bivolt (127V \/ 220V), com chave seletora de voltagem<br data-start=\"844\" data-end=\"847\" \/><em data-start=\"847\" data-end=\"904\">(aten\u00e7\u00e3o: o produto sai de f\u00e1brica configurado em 220V)<\/em>.<br data-start=\"905\" data-end=\"908\" \/>O motor \u00e9 original WEG de 1\/30 HP, refer\u00eancia em qualidade e desempenho no mercado.<\/p>\n<p data-start=\"999\" data-end=\"1022\">Frequ\u00eancia: 60 Hz<\/p>\n<p data-start=\"1025\" data-end=\"1130\">Sistema de rota\u00e7\u00e3o cruzada: os espetos giram em sentidos opostos, evitando interfer\u00eancia entre eles<\/p>\n<p data-start=\"1133\" data-end=\"1179\">Acompanha manual de montagem passo a passO<\/p>\n<p>&nbsp;<\/p>\n<p data-start=\"1133\" data-end=\"1179\">Itens Inclusos<\/p>\n<p data-start=\"1214\" data-end=\"1280\">1 Kit Girat\u00f3rio completo para 3 espetos \u2013 Motor lado direito ou esquerdo<\/p>\n<p data-start=\"1283\" data-end=\"1316\">3 Espetos Tridente Girat\u00f3rios<\/p>\n","protected":false},"excerpt":{"rendered":"<p class=\"_aupe copyable-text x15bjb6t x1n2onr6\"><span class=\"_aupe copyable-text xkrh14z\">Dimens\u00f5es<\/span><\/p>\n<p class=\"_aupe copyable-text x15bjb6t x1n2onr6\"><span class=\"_aupe copyable-text xkrh14z\">Largura sem motor: 43 cm<\/span><\/p>\n<p class=\"_aupe copyable-text x15bjb6t x1n2onr6\"><span class=\"_aupe copyable-text xkrh14z\">Largura com motor: 54 cm<\/span><\/p>\n<p class=\"_aupe copyable-text x15bjb6t x1n2onr6\"><span class=\"_aupe copyable-text xkrh14z\">Altura: 28,5 cm<\/span><\/p>\n<p class=\"_aupe copyable-text x15bjb6t x1n2onr6\"><span class=\"_aupe copyable-text xkrh14z\">Profundidade: 55,5 cm (podendo ser utilizada tamb\u00e9m na profundidade de 45,5 cm)<\/span><\/p>\n<p class=\"_aupe copyable-text x15bjb6t x1n2onr6\"><span class=\"_aupe copyable-text xkrh14z\">Peso (sem espetos): 4,570 kg<\/span><\/p>\n","protected":false},"featured_media":2608,"template":"","meta":{"_joinchat":[]},"product_brand":[224],"product_cat":[36,41],"product_tag":[],"class_list":{"0":"post-2601","1":"product","2":"type-product","3":"status-publish","4":"has-post-thumbnail","6":"product_brand-laurindos","7":"product_cat-acessorios-gourmet","8":"product_cat-espetos-e-acessorios-geral","10":"first","11":"instock","12":"shipping-taxable","13":"purchasable","14":"product-type-variable"},"_links":{"self":[{"href":"https:\/\/reidastelhas.com.br\/loja\/wp-json\/wp\/v2\/product\/2601","targetHints":{"allow":["GET"]}}],"collection":[{"href":"https:\/\/reidastelhas.com.br\/loja\/wp-json\/wp\/v2\/product"}],"about":[{"href":"https:\/\/reidastelhas.com.br\/loja\/wp-json\/wp\/v2\/types\/product"}],"wp:featuredmedia":[{"embeddable":true,"href":"https:\/\/reidastelhas.com.br\/loja\/wp-json\/wp\/v2\/media\/2608"}],"wp:attachment":[{"href":"https:\/\/reidastelhas.com.br\/loja\/wp-json\/wp\/v2\/media?parent=2601"}],"wp:term":[{"taxonomy":"product_brand","embeddable":true,"href":"https:\/\/reidastelhas.com.br\/loja\/wp-json\/wp\/v2\/product_brand?post=2601"},{"taxonomy":"product_cat","embeddable":true,"href":"https:\/\/reidastelhas.com.br\/loja\/wp-json\/wp\/v2\/product_cat?post=2601"},{"taxonomy":"product_tag","embeddable":true,"href":"https:\/\/reidastelhas.com.br\/loja\/wp-json\/wp\/v2\/product_tag?post=2601"}],"curies":[{"name":"wp","href":"https:\/\/api.w.org\/{rel}","templated":true}]}}