{"id":2611,"date":"2026-01-12T15:19:49","date_gmt":"2026-01-12T18:19:49","guid":{"rendered":"https:\/\/reidastelhas.com.br\/loja\/?post_type=product&#038;p=2611"},"modified":"2026-01-12T16:35:10","modified_gmt":"2026-01-12T19:35:10","slug":"kit-de-espeto-giratorio-duplo-4-espeto-longo","status":"publish","type":"product","link":"https:\/\/reidastelhas.com.br\/loja\/produto\/kit-de-espeto-giratorio-duplo-4-espeto-longo\/","title":{"rendered":"KIT GIRAT\u00d3RIO DUPLO DE 4 ESPETOS LONGO"},"content":{"rendered":"<p data-start=\"221\" data-end=\"476\">Sem d\u00favidas, uma das melhores churrasqueiras girat\u00f3rias do mercado! Desenvolvida com alto padr\u00e3o de acabamento e excelente desempenho, esta churrasqueira \u00e9 fabricada em chapa de a\u00e7o inox de 1 mm, proporcionando grande resist\u00eancia e durabilidade.<\/p>\n<p data-start=\"478\" data-end=\"821\">Os espetos possuem cabos de madeira revestidos em alum\u00ednio, que n\u00e3o aquecem, s\u00e3o f\u00e1ceis de limpar e oferecem mais seguran\u00e7a no manuseio.<br data-start=\"630\" data-end=\"633\" \/>Indicada para churrasqueiras a carv\u00e3o, pode ser utilizada tanto em bancadas de alvenaria quanto em churrasqueiras pr\u00e9-moldadas, adaptando-se perfeitamente a diversos ambientes.<\/p>\n<p data-start=\"478\" data-end=\"821\"><span class=\"_aupe copyable-text xkrh14z\">Acompanha 4 espetos tridentes em a\u00e7o inox, com cabo de madeira revestido em alum\u00ednio, que evita o aquecimento<\/span><\/p>\n<p class=\"_aupe copyable-text x15bjb6t x1n2onr6\"><span class=\"_aupe copyable-text xkrh14z\">Estrutura 100% em A\u00e7o Inox 430, incluindo parafusos e arruelas em inox<\/span><\/p>\n<p class=\"_aupe copyable-text x15bjb6t x1n2onr6\"><span class=\"_aupe copyable-text xkrh14z\">Motor el\u00e9trico bivolt (127V \/ 220V) com chave seletora de voltagem<\/span><\/p>\n<p class=\"_aupe copyable-text x15bjb6t x1n2onr6\"><span class=\"_aupe copyable-text xkrh14z\">(Produto sai de f\u00e1brica configurado em 220V \u2013 verificar antes de ligar)<\/span><\/p>\n<p class=\"_aupe copyable-text x15bjb6t x1n2onr6\"><span class=\"_aupe copyable-text xkrh14z\">Motor original WEG \u2013 1\/30 HP, o melhor da categoria<\/span><\/p>\n<p class=\"_aupe copyable-text x15bjb6t x1n2onr6\"><span class=\"_aupe copyable-text xkrh14z\">Frequ\u00eancia: 60 Hz<\/span><\/p>\n<p class=\"_aupe copyable-text x15bjb6t x1n2onr6\"><span class=\"_aupe copyable-text xkrh14z\">Sistema de rota\u00e7\u00e3o cruzada, onde os espetos giram em sentidos opostos, evitando interfer\u00eancia entre eles<\/span><\/p>\n<p class=\"_aupe copyable-text x15bjb6t x1n2onr6\"><span class=\"_aupe copyable-text xkrh14z\">Acompanha manual de montagem passo a passo<\/span><\/p>\n<p class=\"_aupe copyable-text x15bjb6t x1n2onr6\"><span class=\"_aupe copyable-text xkrh14z\">Itens Inclusos<\/span><\/p>\n<p class=\"_aupe copyable-text x15bjb6t x1n2onr6\"><span class=\"_aupe copyable-text xkrh14z\">1 Kit Girat\u00f3rio completo para 4 espetos \u2013 Motor lado direito ou esquerdo<\/span><\/p>\n<p class=\"_aupe copyable-text x15bjb6t x1n2onr6\"><span class=\"_aupe copyable-text xkrh14z\">4 Espetos Tridente Girat\u00f3rios<\/span><\/p>\n","protected":false},"excerpt":{"rendered":"<p class=\"_aupe copyable-text x15bjb6t x1n2onr6\"><span class=\"_aupe copyable-text xkrh14z\">Dimens\u00f5es<\/span><\/p>\n<p class=\"_aupe copyable-text x15bjb6t x1n2onr6\"><span class=\"_aupe copyable-text xkrh14z\">Largura sem motor: 51 cm<\/span><\/p>\n<p class=\"_aupe copyable-text x15bjb6t x1n2onr6\"><span class=\"_aupe copyable-text xkrh14z\">Largura com motor: 63 cm<\/span><\/p>\n<p class=\"_aupe copyable-text x15bjb6t x1n2onr6\"><span class=\"_aupe copyable-text xkrh14z\">Altura: 28,5 cm<\/span><\/p>\n<p class=\"_aupe copyable-text x15bjb6t x1n2onr6\"><span class=\"_aupe copyable-text xkrh14z\">Profundidade: 55,5 cm<\/span><\/p>\n<p class=\"_aupe copyable-text x15bjb6t x1n2onr6\"><span class=\"_aupe copyable-text xkrh14z\">Peso (sem espetos): 4,725 kg<\/span><\/p>\n","protected":false},"featured_media":2617,"template":"","meta":{"_joinchat":[]},"product_brand":[224],"product_cat":[36,41],"product_tag":[],"class_list":{"0":"post-2611","1":"product","2":"type-product","3":"status-publish","4":"has-post-thumbnail","6":"product_brand-laurindos","7":"product_cat-acessorios-gourmet","8":"product_cat-espetos-e-acessorios-geral","10":"first","11":"instock","12":"shipping-taxable","13":"purchasable","14":"product-type-variable"},"_links":{"self":[{"href":"https:\/\/reidastelhas.com.br\/loja\/wp-json\/wp\/v2\/product\/2611","targetHints":{"allow":["GET"]}}],"collection":[{"href":"https:\/\/reidastelhas.com.br\/loja\/wp-json\/wp\/v2\/product"}],"about":[{"href":"https:\/\/reidastelhas.com.br\/loja\/wp-json\/wp\/v2\/types\/product"}],"wp:featuredmedia":[{"embeddable":true,"href":"https:\/\/reidastelhas.com.br\/loja\/wp-json\/wp\/v2\/media\/2617"}],"wp:attachment":[{"href":"https:\/\/reidastelhas.com.br\/loja\/wp-json\/wp\/v2\/media?parent=2611"}],"wp:term":[{"taxonomy":"product_brand","embeddable":true,"href":"https:\/\/reidastelhas.com.br\/loja\/wp-json\/wp\/v2\/product_brand?post=2611"},{"taxonomy":"product_cat","embeddable":true,"href":"https:\/\/reidastelhas.com.br\/loja\/wp-json\/wp\/v2\/product_cat?post=2611"},{"taxonomy":"product_tag","embeddable":true,"href":"https:\/\/reidastelhas.com.br\/loja\/wp-json\/wp\/v2\/product_tag?post=2611"}],"curies":[{"name":"wp","href":"https:\/\/api.w.org\/{rel}","templated":true}]}}