{"id":2643,"date":"2026-01-12T16:18:57","date_gmt":"2026-01-12T19:18:57","guid":{"rendered":"https:\/\/reidastelhas.com.br\/loja\/?post_type=product&#038;p=2643"},"modified":"2026-01-12T16:19:09","modified_gmt":"2026-01-12T19:19:09","slug":"manta-asfaltica-15x10","status":"publish","type":"product","link":"https:\/\/reidastelhas.com.br\/loja\/produto\/manta-asfaltica-15x10\/","title":{"rendered":"MANTA ASFALTICA"},"content":{"rendered":"<p>Fita autoadesiva multiuso \u00e0 base de asfalto modificado com polim\u00e9ricos elastom\u00e9ricos, autoprotegida com filme de alum\u00ednio que permite sua exposi\u00e7\u00e3o a intemp\u00e9ries e aos raios solares, sendo de f\u00e1cil aplica\u00e7\u00e3o, na qual proporcionam medidas imediatas para solucionar problemas de gotejamento e veda\u00e7\u00f5es.<\/p>\n<p>Onde aplicar:<\/p>\n<p>&#8211; Telhados;<br \/>\n&#8211; Rufos e chapas met\u00e1licas;<br \/>\n&#8211; Dutos de ventila\u00e7\u00e3o e ar-condicionado;<br \/>\n&#8211; Sheds e c\u00fapulas,<br \/>\n&#8211; Veda\u00e7\u00f5es de domos e claraboia;<br \/>\n&#8211; Reparos r\u00e1pidos em ba\u00fas, toldos e similares;<br \/>\n&#8211; Sistema de reflex\u00e3o t\u00e9rmica.<\/p>\n","protected":false},"excerpt":{"rendered":"<p>Dispon\u00edvel em duas medidas: 15 \u00d7 10\u00a0 ou 20 \u00d7 10.<\/p>\n","protected":false},"featured_media":2645,"template":"","meta":{"_joinchat":[]},"product_brand":[240],"product_cat":[43],"product_tag":[],"class_list":{"0":"post-2643","1":"product","2":"type-product","3":"status-publish","4":"has-post-thumbnail","6":"product_brand-dryko","7":"product_cat-manta-termica-e-asfaltica","9":"first","10":"instock","11":"shipping-taxable","12":"purchasable","13":"product-type-variable"},"_links":{"self":[{"href":"https:\/\/reidastelhas.com.br\/loja\/wp-json\/wp\/v2\/product\/2643","targetHints":{"allow":["GET"]}}],"collection":[{"href":"https:\/\/reidastelhas.com.br\/loja\/wp-json\/wp\/v2\/product"}],"about":[{"href":"https:\/\/reidastelhas.com.br\/loja\/wp-json\/wp\/v2\/types\/product"}],"wp:featuredmedia":[{"embeddable":true,"href":"https:\/\/reidastelhas.com.br\/loja\/wp-json\/wp\/v2\/media\/2645"}],"wp:attachment":[{"href":"https:\/\/reidastelhas.com.br\/loja\/wp-json\/wp\/v2\/media?parent=2643"}],"wp:term":[{"taxonomy":"product_brand","embeddable":true,"href":"https:\/\/reidastelhas.com.br\/loja\/wp-json\/wp\/v2\/product_brand?post=2643"},{"taxonomy":"product_cat","embeddable":true,"href":"https:\/\/reidastelhas.com.br\/loja\/wp-json\/wp\/v2\/product_cat?post=2643"},{"taxonomy":"product_tag","embeddable":true,"href":"https:\/\/reidastelhas.com.br\/loja\/wp-json\/wp\/v2\/product_tag?post=2643"}],"curies":[{"name":"wp","href":"https:\/\/api.w.org\/{rel}","templated":true}]}}