{"id":2650,"date":"2026-01-12T16:26:16","date_gmt":"2026-01-12T19:26:16","guid":{"rendered":"https:\/\/reidastelhas.com.br\/loja\/?post_type=product&#038;p=2650"},"modified":"2026-01-14T14:09:59","modified_gmt":"2026-01-14T17:09:59","slug":"manta-termica-2-facemanta-termica-e-um-material-isolante-que-reflete-o-calor-usado-em-construcoes-para-manter-o-ambiente-fresco-no-verao-e-quente-no-inverno-e-tambem-como-isolante-acustico-sendo-um","status":"publish","type":"product","link":"https:\/\/reidastelhas.com.br\/loja\/produto\/manta-termica-2-facemanta-termica-e-um-material-isolante-que-reflete-o-calor-usado-em-construcoes-para-manter-o-ambiente-fresco-no-verao-e-quente-no-inverno-e-tambem-como-isolante-acustico-sendo-um\/","title":{"rendered":"MANTA TERMICA 2 FACE"},"content":{"rendered":"<p>Manta t\u00e9rmica \u00e9 um material isolante que reflete o calor, usado em constru\u00e7\u00f5es para manter o ambiente fresco no ver\u00e3o e quente no inverno, e tamb\u00e9m como isolante ac\u00fastico, sendo um produto vers\u00e1til, recicl\u00e1vel e resistente.<\/p>\n<p>Benef\u00edcios<br \/>\nRedu\u00e7\u00e3o de calor e economia de energia.<br \/>\nIsolamento t\u00e9rmico e ac\u00fastico.<br \/>\nImpermeabiliza\u00e7\u00e3o e prote\u00e7\u00e3o contra mofo e insetos.<\/p>\n","protected":false},"excerpt":{"rendered":"<p>Manta t\u00e9rmica \u00e9 um material isolante que reflete o calor, usado em constru\u00e7\u00f5es para manter o ambiente fresco no ver\u00e3o e quente no inverno, e tamb\u00e9m como isolante ac\u00fastico, sendo um produto vers\u00e1til, recicl\u00e1vel e resistente. Benef\u00edcios Redu\u00e7\u00e3o de calor e economia de energia. Isolamento t\u00e9rmico e ac\u00fastico. Impermeabiliza\u00e7\u00e3o e prote\u00e7\u00e3o contra mofo e insetos.<\/p>\n","protected":false},"featured_media":2651,"template":"","meta":{"_joinchat":[]},"product_brand":[240],"product_cat":[43],"product_tag":[],"class_list":{"0":"post-2650","1":"product","2":"type-product","3":"status-publish","4":"has-post-thumbnail","6":"product_brand-dryko","7":"product_cat-manta-termica-e-asfaltica","9":"first","10":"instock","11":"shipping-taxable","12":"purchasable","13":"product-type-variable"},"_links":{"self":[{"href":"https:\/\/reidastelhas.com.br\/loja\/wp-json\/wp\/v2\/product\/2650","targetHints":{"allow":["GET"]}}],"collection":[{"href":"https:\/\/reidastelhas.com.br\/loja\/wp-json\/wp\/v2\/product"}],"about":[{"href":"https:\/\/reidastelhas.com.br\/loja\/wp-json\/wp\/v2\/types\/product"}],"wp:featuredmedia":[{"embeddable":true,"href":"https:\/\/reidastelhas.com.br\/loja\/wp-json\/wp\/v2\/media\/2651"}],"wp:attachment":[{"href":"https:\/\/reidastelhas.com.br\/loja\/wp-json\/wp\/v2\/media?parent=2650"}],"wp:term":[{"taxonomy":"product_brand","embeddable":true,"href":"https:\/\/reidastelhas.com.br\/loja\/wp-json\/wp\/v2\/product_brand?post=2650"},{"taxonomy":"product_cat","embeddable":true,"href":"https:\/\/reidastelhas.com.br\/loja\/wp-json\/wp\/v2\/product_cat?post=2650"},{"taxonomy":"product_tag","embeddable":true,"href":"https:\/\/reidastelhas.com.br\/loja\/wp-json\/wp\/v2\/product_tag?post=2650"}],"curies":[{"name":"wp","href":"https:\/\/api.w.org\/{rel}","templated":true}]}}