{"id":2753,"date":"2026-01-13T11:05:54","date_gmt":"2026-01-13T14:05:54","guid":{"rendered":"https:\/\/reidastelhas.com.br\/loja\/?post_type=product&#038;p=2753"},"modified":"2026-01-13T11:05:55","modified_gmt":"2026-01-13T14:05:55","slug":"kit-giratorio-duplo-11-espetos-longo","status":"publish","type":"product","link":"https:\/\/reidastelhas.com.br\/loja\/produto\/kit-giratorio-duplo-11-espetos-longo\/","title":{"rendered":"KIT GIRAT\u00d3RIO DUPLO 11 ESPETOS LONGO"},"content":{"rendered":"<p>Sem d\u00favidas, uma das melhores churrasqueiras girat\u00f3rias do mercado! Desenvolvida com excel\u00eancia no acabamento e alta resist\u00eancia, \u00e9 fabricada em chapa de a\u00e7o inox de 1 mm, garantindo durabilidade superior.<\/p>\n<p>Os espetos possuem cabos revestidos em alum\u00ednio, que n\u00e3o aquecem, facilitam a limpeza e proporcionam mais seguran\u00e7a no manuseio. Ideal para churrasqueiras a carv\u00e3o, podendo ser utilizada tanto em bancadas de alvenaria quanto em churrasqueiras pr\u00e9-moldadas, adaptando-se a diferentes espa\u00e7os e necessidades.<\/p>\n<p class=\"_aupe copyable-text x15bjb6t x1n2onr6\"><strong><span class=\"_aupe copyable-text xkrh14z\">Descri\u00e7\u00e3o T\u00e9cnica<\/span><\/strong><\/p>\n<p class=\"_aupe copyable-text x15bjb6t x1n2onr6\"><span class=\"_aupe copyable-text xkrh14z\">Acompanha 11 espetos tridentes em a\u00e7o inox, com cabos de madeira revestidos em alum\u00ednio, que evitam aquecimento<\/span><\/p>\n<p class=\"_aupe copyable-text x15bjb6t x1n2onr6\"><span class=\"_aupe copyable-text xkrh14z\">Estrutura 100% em a\u00e7o inox 430, incluindo parafusos e arruelas em inox<\/span><\/p>\n<p class=\"_aupe copyable-text x15bjb6t x1n2onr6\"><span class=\"_aupe copyable-text xkrh14z\">Motor el\u00e9trico bivolt (127V \/ 220V) com chave seletora de voltagem<\/span><\/p>\n<p class=\"_aupe copyable-text x15bjb6t x1n2onr6\"><span class=\"_aupe copyable-text xkrh14z\">(Sai de f\u00e1brica ajustado para 220V \u2013 verifique antes de ligar)<\/span><\/p>\n<p class=\"_aupe copyable-text x15bjb6t x1n2onr6\"><span class=\"_aupe copyable-text xkrh14z\">Motor original WEG \u2013 1\/30 HP com termostato, refer\u00eancia em qualidade e durabilidade<\/span><\/p>\n<p class=\"_aupe copyable-text x15bjb6t x1n2onr6\"><span class=\"_aupe copyable-text xkrh14z\">Frequ\u00eancia: 60 Hz<\/span><\/p>\n<p class=\"_aupe copyable-text x15bjb6t x1n2onr6\"><span class=\"_aupe copyable-text xkrh14z\">Sistema de rota\u00e7\u00e3o cruzada, no qual os espetos giram em sentidos opostos, evitando interfer\u00eancia entre eles<\/span><\/p>\n<p class=\"_aupe copyable-text x15bjb6t x1n2onr6\"><span class=\"_aupe copyable-text xkrh14z\">Acompanha manual de montagem passo a passo<\/span><\/p>\n<p class=\"_aupe copyable-text x15bjb6t x1n2onr6\"><strong><span class=\"_aupe copyable-text xkrh14z\">Itens Inclusos<\/span><\/strong><\/p>\n<p class=\"_aupe copyable-text x15bjb6t x1n2onr6\"><span class=\"_aupe copyable-text xkrh14z\">1 Kit Girat\u00f3rio \u2013 Motor Lado Direito ou Esquerdo\u2013 completo para 11 espetos<\/span><\/p>\n<p class=\"_aupe copyable-text x15bjb6t x1n2onr6\"><span class=\"_aupe copyable-text xkrh14z\">11 Espetos Tridente Girat\u00f3rios<\/span><\/p>\n","protected":false},"excerpt":{"rendered":"<p class=\"_aupe copyable-text x15bjb6t x1n2onr6\"><span class=\"_aupe copyable-text xkrh14z\">Dimens\u00f5es<\/span><\/p>\n<p class=\"_aupe copyable-text x15bjb6t x1n2onr6\"><span class=\"_aupe copyable-text xkrh14z\">Largura sem motor: 71 cm<\/span><\/p>\n<p class=\"_aupe copyable-text x15bjb6t x1n2onr6\"><span class=\"_aupe copyable-text xkrh14z\">Largura com motor: 83 cm<\/span><\/p>\n<p class=\"_aupe copyable-text x15bjb6t x1n2onr6\"><span class=\"_aupe copyable-text xkrh14z\">Altura: 30 cm<\/span><\/p>\n<p class=\"_aupe copyable-text x15bjb6t x1n2onr6\"><span class=\"_aupe copyable-text xkrh14z\">Profundidade: 55,5 cm (podendo ser utilizada at\u00e9 45,5 cm)<\/span><\/p>\n<p class=\"_aupe copyable-text x15bjb6t x1n2onr6\"><span class=\"_aupe copyable-text xkrh14z\">Peso sem espetos: 7,700 kg<\/span><\/p>\n<p class=\"_aupe copyable-text x15bjb6t x1n2onr6\"><span class=\"_aupe copyable-text xkrh14z\">Peso unit\u00e1rio do espeto tridente: 345 g<\/span><\/p>\n","protected":false},"featured_media":2754,"template":"","meta":{"_joinchat":[]},"product_brand":[224],"product_cat":[36,41],"product_tag":[],"class_list":{"0":"post-2753","1":"product","2":"type-product","3":"status-publish","4":"has-post-thumbnail","6":"product_brand-laurindos","7":"product_cat-acessorios-gourmet","8":"product_cat-espetos-e-acessorios-geral","10":"first","11":"instock","12":"shipping-taxable","13":"purchasable","14":"product-type-variable"},"_links":{"self":[{"href":"https:\/\/reidastelhas.com.br\/loja\/wp-json\/wp\/v2\/product\/2753","targetHints":{"allow":["GET"]}}],"collection":[{"href":"https:\/\/reidastelhas.com.br\/loja\/wp-json\/wp\/v2\/product"}],"about":[{"href":"https:\/\/reidastelhas.com.br\/loja\/wp-json\/wp\/v2\/types\/product"}],"wp:featuredmedia":[{"embeddable":true,"href":"https:\/\/reidastelhas.com.br\/loja\/wp-json\/wp\/v2\/media\/2754"}],"wp:attachment":[{"href":"https:\/\/reidastelhas.com.br\/loja\/wp-json\/wp\/v2\/media?parent=2753"}],"wp:term":[{"taxonomy":"product_brand","embeddable":true,"href":"https:\/\/reidastelhas.com.br\/loja\/wp-json\/wp\/v2\/product_brand?post=2753"},{"taxonomy":"product_cat","embeddable":true,"href":"https:\/\/reidastelhas.com.br\/loja\/wp-json\/wp\/v2\/product_cat?post=2753"},{"taxonomy":"product_tag","embeddable":true,"href":"https:\/\/reidastelhas.com.br\/loja\/wp-json\/wp\/v2\/product_tag?post=2753"}],"curies":[{"name":"wp","href":"https:\/\/api.w.org\/{rel}","templated":true}]}}