{"id":2763,"date":"2026-01-13T17:19:13","date_gmt":"2026-01-13T20:19:13","guid":{"rendered":"https:\/\/reidastelhas.com.br\/loja\/?post_type=product&#038;p=2763"},"modified":"2026-01-14T10:35:30","modified_gmt":"2026-01-14T13:35:30","slug":"suporte-flutuante-630-inox","status":"publish","type":"product","link":"https:\/\/reidastelhas.com.br\/loja\/produto\/suporte-flutuante-630-inox\/","title":{"rendered":"SUPORTE FLUTUANTE 63CM INOX"},"content":{"rendered":"<p><!--more-->O Suporte Flutuante com Grelha Moeda e Espetos Inox \u00e9 a escolha ideal para quem busca elevar o n\u00edvel do churrasco. Com design moderno e funcional, ele permite assar carnes, legumes e outros alimentos com maior controle, praticidade e excelente distribui\u00e7\u00e3o de calor, garantindo resultados suculentos e saborosos.<\/p>\n<p>Fabricado em a\u00e7o inox 430, o conjunto oferece alta durabilidade, resist\u00eancia ao calor e f\u00e1cil limpeza, sendo perfeito tanto para uso residencial quanto profissional.<\/p>\n<p class=\"_aupe copyable-text x15bjb6t x1n2onr6\"><strong><span class=\"_aupe copyable-text xkrh14z\">Principais Diferenciais<\/span><\/strong><\/p>\n<p class=\"_aupe copyable-text x15bjb6t x1n2onr6\"><span class=\"x19la9d6 x1fc57z9 x6ikm8r x10wlt62 x19co3pv x11tp94h xfibh0p xiy17q3 x1xsqp64 x1lkfr7t xexx8yu xyri2b x18d9i69 x1c1uobl\"><span class=\"xrtxmta x1bhl96m\">\u2714<\/span><\/span><span class=\"_aupe copyable-text xkrh14z\"> Sistema flutuante ajust\u00e1vel \u2013 permite regular a altura da grelha conforme o calor da brasa<\/span><\/p>\n<p class=\"_aupe copyable-text x15bjb6t x1n2onr6\"><span class=\"x19la9d6 x1fc57z9 x6ikm8r x10wlt62 x19co3pv x11tp94h xfibh0p xiy17q3 x1xsqp64 x1lkfr7t xexx8yu xyri2b x18d9i69 x1c1uobl\"><span class=\"xrtxmta x1bhl96m\">\u2714<\/span><\/span><span class=\"_aupe copyable-text xkrh14z\"> Grelha moeda e espetos em a\u00e7o inox \u2013 melhor distribui\u00e7\u00e3o de calor e alta durabilidade<\/span><\/p>\n<p class=\"_aupe copyable-text x15bjb6t x1n2onr6\"><span class=\"x19la9d6 x1fc57z9 x6ikm8r x10wlt62 x19co3pv x11tp94h xfibh0p xiy17q3 x1xsqp64 x1lkfr7t xexx8yu xyri2b x18d9i69 x1c1uobl\"><span class=\"xrtxmta x1bhl96m\">\u2714<\/span><\/span><span class=\"_aupe copyable-text xkrh14z\"> Versatilidade \u2013 ideal para carnes, legumes, peixes e outros alimentos<\/span><\/p>\n<p class=\"_aupe copyable-text x15bjb6t x1n2onr6\"><span class=\"x19la9d6 x1fc57z9 x6ikm8r x10wlt62 x19co3pv x11tp94h xfibh0p xiy17q3 x1xsqp64 x1lkfr7t xexx8yu xyri2b x18d9i69 x1c1uobl\"><span class=\"xrtxmta x1bhl96m\">\u2714<\/span><\/span><span class=\"_aupe copyable-text xkrh14z\"> Estrutura robusta e est\u00e1vel<\/span><\/p>\n<p class=\"_aupe copyable-text x15bjb6t x1n2onr6\"><span class=\"x19la9d6 x1fc57z9 x6ikm8r x10wlt62 x19co3pv x11tp94h xfibh0p xiy17q3 x1xsqp64 x1lkfr7t xexx8yu xyri2b x18d9i69 x1c1uobl\"><span class=\"xrtxmta x1bhl96m\">\u2714<\/span><\/span><span class=\"_aupe copyable-text xkrh14z\"> F\u00e1cil de montar, desmontar e limpar<\/span><\/p>\n<p class=\"_aupe copyable-text x15bjb6t x1n2onr6\"><strong><span class=\"_aupe copyable-text xkrh14z\">Itens Inclusos<\/span><\/strong><\/p>\n<p class=\"_aupe copyable-text x15bjb6t x1n2onr6\"><span class=\"_aupe copyable-text xkrh14z\">1 Suporte Flutuante<\/span><\/p>\n<p class=\"_aupe copyable-text x15bjb6t x1n2onr6\"><span class=\"_aupe copyable-text xkrh14z\">1 Grelha Moeda<\/span><\/p>\n<p class=\"_aupe copyable-text x15bjb6t x1n2onr6\"><span class=\"_aupe copyable-text xkrh14z\">Espetos em a\u00e7o inox<\/span><\/p>\n<p class=\"_aupe copyable-text x15bjb6t x1n2onr6\"><strong><span class=\"_aupe copyable-text xkrh14z\">Especifica\u00e7\u00f5es<\/span><\/strong><\/p>\n<p class=\"_aupe copyable-text x15bjb6t x1n2onr6\"><span class=\"_aupe copyable-text xkrh14z\">Material: A\u00e7o Inox 430<\/span><\/p>\n<p class=\"_aupe copyable-text x15bjb6t x1n2onr6\"><span class=\"_aupe copyable-text xkrh14z\">Cor: Inox<\/span><\/p>\n","protected":false},"excerpt":{"rendered":"<p class=\"_aupe copyable-text x15bjb6t x1n2onr6\"><strong><span class=\"_aupe copyable-text xkrh14z\">Medidas:<\/span><\/strong><\/p>\n<p class=\"_aupe copyable-text x15bjb6t x1n2onr6\"><span class=\"_aupe copyable-text xkrh14z\">Grelha: 46 \u00d7 40 cm<br \/>\n<\/span><span class=\"_aupe copyable-text xkrh14z\">Descanso: 46 \u00d7 20 cm<br \/>\n<\/span><span class=\"_aupe copyable-text xkrh14z\">Altura: 38 cm<br \/>\n<\/span><span class=\"_aupe copyable-text xkrh14z\">Profundidade: 42,5 cm<br \/>\n<\/span><span class=\"_aupe copyable-text xkrh14z\">Largura: 50,5 cm<br \/>\n<\/span><span class=\"_aupe copyable-text xkrh14z\">Espetos: 50 cm<\/span><\/p>\n","protected":false},"featured_media":2764,"template":"","meta":{"_joinchat":[]},"product_brand":[224],"product_cat":[40],"product_tag":[],"class_list":{"0":"post-2763","1":"product","2":"type-product","3":"status-publish","4":"has-post-thumbnail","6":"product_brand-laurindos","7":"product_cat-grelhas","9":"first","10":"instock","11":"shipping-taxable","12":"purchasable","13":"product-type-simple"},"_links":{"self":[{"href":"https:\/\/reidastelhas.com.br\/loja\/wp-json\/wp\/v2\/product\/2763","targetHints":{"allow":["GET"]}}],"collection":[{"href":"https:\/\/reidastelhas.com.br\/loja\/wp-json\/wp\/v2\/product"}],"about":[{"href":"https:\/\/reidastelhas.com.br\/loja\/wp-json\/wp\/v2\/types\/product"}],"wp:featuredmedia":[{"embeddable":true,"href":"https:\/\/reidastelhas.com.br\/loja\/wp-json\/wp\/v2\/media\/2764"}],"wp:attachment":[{"href":"https:\/\/reidastelhas.com.br\/loja\/wp-json\/wp\/v2\/media?parent=2763"}],"wp:term":[{"taxonomy":"product_brand","embeddable":true,"href":"https:\/\/reidastelhas.com.br\/loja\/wp-json\/wp\/v2\/product_brand?post=2763"},{"taxonomy":"product_cat","embeddable":true,"href":"https:\/\/reidastelhas.com.br\/loja\/wp-json\/wp\/v2\/product_cat?post=2763"},{"taxonomy":"product_tag","embeddable":true,"href":"https:\/\/reidastelhas.com.br\/loja\/wp-json\/wp\/v2\/product_tag?post=2763"}],"curies":[{"name":"wp","href":"https:\/\/api.w.org\/{rel}","templated":true}]}}