{"id":2779,"date":"2026-01-14T09:56:40","date_gmt":"2026-01-14T12:56:40","guid":{"rendered":"https:\/\/reidastelhas.com.br\/loja\/?post_type=product&#038;p=2779"},"modified":"2026-01-14T10:42:10","modified_gmt":"2026-01-14T13:42:10","slug":"kit-braseiro-630-suporte-flutuante-grela-aramada-inox-4-espetos","status":"publish","type":"product","link":"https:\/\/reidastelhas.com.br\/loja\/produto\/kit-braseiro-630-suporte-flutuante-grela-aramada-inox-4-espetos\/","title":{"rendered":"KIT PRIME BRASEIRO 63CM + SUPORTE FLUTUANTE + GRELA ARAMADA + 4 ESPETOS"},"content":{"rendered":"<p class=\"_aupe copyable-text x15bjb6t x1n2onr6\"><span class=\"_aupe copyable-text xkrh14z\">O Conjunto Prime Braseiro com Suporte Flutuante \u00e9 a solu\u00e7\u00e3o ideal para quem busca praticidade, efici\u00eancia e alto desempenho no preparo de carnes. Com design moderno e estrutura robusta, ele garante um churrasco mais uniforme, suculento e profissional, sendo perfeito para encontros, confraterniza\u00e7\u00f5es e momentos especiais.<\/span><\/p>\n<p class=\"_aupe copyable-text x15bjb6t x1n2onr6\"><span class=\"_aupe copyable-text xkrh14z\">Projetado para comportar at\u00e9 4 espetos, o sistema flutuante permite controle preciso da altura e da intensidade do calor, proporcionando um assado perfeito.<\/span><\/p>\n<p class=\"_aupe copyable-text x15bjb6t x1n2onr6\"><strong><span class=\"_aupe copyable-text xkrh14z\">Destaques do Conjunto<br \/>\n<\/span><\/strong><span class=\"_aupe copyable-text xkrh14z\">Grelha descanso em a\u00e7o inox 430, cortada a laser, medindo 46 \u00d7 20 cm<br \/>\n<\/span><span class=\"_aupe copyable-text xkrh14z\">Grelha aramada exclusiva em a\u00e7o inox 304, ultra resistente, com 40 \u00d7 32 cm<br \/>\n<\/span><span class=\"_aupe copyable-text xkrh14z\">4 espetos em a\u00e7o inox, com cabo de madeira revestido em alum\u00ednio brilhante<br \/>\n<\/span><span class=\"_aupe copyable-text xkrh14z\">Porta-espetos integrado ao suporte flutuante, com 46 cm de comprimento e capacidade para 4 espetos<\/span><\/p>\n<p><strong>Itens Inclusos<\/strong><\/p>\n<p>1 Conjunto Prime Braseiro com Suporte Flutuante<br \/>\n4 Espetos em a\u00e7o inox<\/p>\n","protected":false},"excerpt":{"rendered":"<p class=\"_aupe copyable-text x15bjb6t x1n2onr6\"><strong><span class=\"_aupe copyable-text xkrh14z\">Grelha Descanso<br \/>\n<\/span><\/strong><span class=\"_aupe copyable-text xkrh14z\">Largura: 46 cm<br \/>\n<\/span><span class=\"_aupe copyable-text xkrh14z\">Profundidade: 20 cm<\/span><\/p>\n<p class=\"_aupe copyable-text x15bjb6t x1n2onr6\"><strong><span class=\"_aupe copyable-text xkrh14z\">Grelha Aramada<br \/>\n<\/span><\/strong><span class=\"_aupe copyable-text xkrh14z\">Largura: 40 cm<br \/>\n<\/span><span class=\"_aupe copyable-text xkrh14z\">Profundidade: 32 cm<\/span><\/p>\n<p class=\"_aupe copyable-text x15bjb6t x1n2onr6\"><strong><span class=\"_aupe copyable-text xkrh14z\">Espetos: <\/span><\/strong><span class=\"_aupe copyable-text xkrh14z\">40 cm de l\u00e2mina + 11 cm de cabo<\/span><\/p>\n<p class=\"_aupe copyable-text x15bjb6t x1n2onr6\"><strong><span class=\"_aupe copyable-text xkrh14z\">Porta-Espetos: <\/span><\/strong><span class=\"_aupe copyable-text xkrh14z\">Comprimento: 46 cm<\/span><\/p>\n<p class=\"_aupe copyable-text x15bjb6t x1n2onr6\"><strong><span class=\"_aupe copyable-text xkrh14z\">Suporte Flutuante<br \/>\n<\/span><\/strong><span class=\"_aupe copyable-text xkrh14z\">Altura: 38 cm<br \/>\n<\/span><span class=\"_aupe copyable-text xkrh14z\">Largura: 50,5 cm<br \/>\n<\/span><span class=\"_aupe copyable-text xkrh14z\">Profundidade: 42,5 cm<\/span><\/p>\n<p class=\"_aupe copyable-text x15bjb6t x1n2onr6\"><strong><span class=\"_aupe copyable-text xkrh14z\">Estrutura do Braseiro (Esqueleto)<br \/>\n<\/span><\/strong><span class=\"_aupe copyable-text xkrh14z\">Altura: 118 cm<br \/>\n<\/span><span class=\"_aupe copyable-text xkrh14z\">Base do Braseiro<br \/>\n<\/span><span class=\"_aupe copyable-text xkrh14z\">58 cm (largura) \u00d7 49 cm (profundidade) \u00d7 79,5 cm (altura)<\/span><\/p>\n","protected":false},"featured_media":2780,"template":"","meta":{"_joinchat":[]},"product_brand":[224],"product_cat":[40],"product_tag":[],"class_list":{"0":"post-2779","1":"product","2":"type-product","3":"status-publish","4":"has-post-thumbnail","6":"product_brand-laurindos","7":"product_cat-grelhas","9":"first","10":"instock","11":"shipping-taxable","12":"purchasable","13":"product-type-simple"},"_links":{"self":[{"href":"https:\/\/reidastelhas.com.br\/loja\/wp-json\/wp\/v2\/product\/2779","targetHints":{"allow":["GET"]}}],"collection":[{"href":"https:\/\/reidastelhas.com.br\/loja\/wp-json\/wp\/v2\/product"}],"about":[{"href":"https:\/\/reidastelhas.com.br\/loja\/wp-json\/wp\/v2\/types\/product"}],"wp:featuredmedia":[{"embeddable":true,"href":"https:\/\/reidastelhas.com.br\/loja\/wp-json\/wp\/v2\/media\/2780"}],"wp:attachment":[{"href":"https:\/\/reidastelhas.com.br\/loja\/wp-json\/wp\/v2\/media?parent=2779"}],"wp:term":[{"taxonomy":"product_brand","embeddable":true,"href":"https:\/\/reidastelhas.com.br\/loja\/wp-json\/wp\/v2\/product_brand?post=2779"},{"taxonomy":"product_cat","embeddable":true,"href":"https:\/\/reidastelhas.com.br\/loja\/wp-json\/wp\/v2\/product_cat?post=2779"},{"taxonomy":"product_tag","embeddable":true,"href":"https:\/\/reidastelhas.com.br\/loja\/wp-json\/wp\/v2\/product_tag?post=2779"}],"curies":[{"name":"wp","href":"https:\/\/api.w.org\/{rel}","templated":true}]}}