{"id":2807,"date":"2026-01-14T15:54:32","date_gmt":"2026-01-14T18:54:32","guid":{"rendered":"https:\/\/reidastelhas.com.br\/loja\/?post_type=product&#038;p=2807"},"modified":"2026-01-14T15:54:32","modified_gmt":"2026-01-14T18:54:32","slug":"grelha-moeda-com-ponteira-40-x-50","status":"publish","type":"product","link":"https:\/\/reidastelhas.com.br\/loja\/produto\/grelha-moeda-com-ponteira-40-x-50\/","title":{"rendered":"GRELHA MOEDA COM PONTEIRA 40 X 50"},"content":{"rendered":"<p class=\"_aupe copyable-text x15bjb6t x1n2onr6\"><span class=\"_aupe copyable-text xkrh14z\">A Grelha Moeda Inox \u00e9 a escolha ideal para quem busca qualidade, resist\u00eancia e alto desempenho no churrasco. Fabricada em a\u00e7o inox 430, possui tela grossa de 1,5mm, garantindo maior durabilidade, rigidez e seguran\u00e7a no preparo dos alimentos.<\/span><\/p>\n<p class=\"_aupe copyable-text x15bjb6t x1n2onr6\"><span class=\"_aupe copyable-text xkrh14z\">Seu design com ponteiras laterais permite apoio direto em churrasqueiras de alvenaria, suportes de vidro, churrasqueiras port\u00e1teis ou qualquer sistema de apoio para grelhas.<\/span><\/p>\n<p class=\"_aupe copyable-text x15bjb6t x1n2onr6\"><strong><span class=\"_aupe copyable-text xkrh14z\">Principais Benef\u00edcios<\/span><\/strong><\/p>\n<p class=\"_aupe copyable-text x15bjb6t x1n2onr6\"><span class=\"x19la9d6 x1fc57z9 x6ikm8r x10wlt62 x19co3pv x11tp94h xfibh0p xiy17q3 x1xsqp64 x1lkfr7t xexx8yu xyri2b x18d9i69 x1c1uobl\"><span class=\"xrtxmta x1bhl96m\">\u2714<\/span><\/span><span class=\"_aupe copyable-text xkrh14z\"> Tela refor\u00e7ada de 1,5mm \u2013 n\u00e3o empena e suporta altas temperaturas<\/span><\/p>\n<p class=\"_aupe copyable-text x15bjb6t x1n2onr6\"><span class=\"x19la9d6 x1fc57z9 x6ikm8r x10wlt62 x19co3pv x11tp94h xfibh0p xiy17q3 x1xsqp64 x1lkfr7t xexx8yu xyri2b x18d9i69 x1c1uobl\"><span class=\"xrtxmta x1bhl96m\">\u2714<\/span><\/span><span class=\"_aupe copyable-text xkrh14z\"> Estrutura 100% em inox 430 \u2013 n\u00e3o enferruja<\/span><\/p>\n<p class=\"_aupe copyable-text x15bjb6t x1n2onr6\"><span class=\"x19la9d6 x1fc57z9 x6ikm8r x10wlt62 x19co3pv x11tp94h xfibh0p xiy17q3 x1xsqp64 x1lkfr7t xexx8yu xyri2b x18d9i69 x1c1uobl\"><span class=\"xrtxmta x1bhl96m\">\u2714<\/span><\/span><span class=\"_aupe copyable-text xkrh14z\"> Modelo moeda \u2013 ideal para carnes, lingui\u00e7as, aves, legumes, p\u00e3o e muito mais<\/span><\/p>\n<p class=\"_aupe copyable-text x15bjb6t x1n2onr6\"><span class=\"x19la9d6 x1fc57z9 x6ikm8r x10wlt62 x19co3pv x11tp94h xfibh0p xiy17q3 x1xsqp64 x1lkfr7t xexx8yu xyri2b x18d9i69 x1c1uobl\"><span class=\"xrtxmta x1bhl96m\">\u2714<\/span><\/span><span class=\"_aupe copyable-text xkrh14z\"> Ponteiras laterais \u2013 encaixe perfeito em churrasqueiras de alvenaria<\/span><\/p>\n<p class=\"_aupe copyable-text x15bjb6t x1n2onr6\"><span class=\"x19la9d6 x1fc57z9 x6ikm8r x10wlt62 x19co3pv x11tp94h xfibh0p xiy17q3 x1xsqp64 x1lkfr7t xexx8yu xyri2b x18d9i69 x1c1uobl\"><span class=\"xrtxmta x1bhl96m\">\u2714<\/span><\/span><span class=\"_aupe copyable-text xkrh14z\"> Cabos t\u00e9rmicos em madeira revestida de alum\u00ednio \u2013 n\u00e3o esquentam<\/span><\/p>\n<p class=\"_aupe copyable-text x15bjb6t x1n2onr6\"><span class=\"x19la9d6 x1fc57z9 x6ikm8r x10wlt62 x19co3pv x11tp94h xfibh0p xiy17q3 x1xsqp64 x1lkfr7t xexx8yu xyri2b x18d9i69 x1c1uobl\"><span class=\"xrtxmta x1bhl96m\">\u2714<\/span><\/span><span class=\"_aupe copyable-text xkrh14z\"> Pode ser usada tanto para assar quanto para descanso dos alimentos<\/span><\/p>\n<p class=\"_aupe copyable-text x15bjb6t x1n2onr6\"><strong><span class=\"_aupe copyable-text xkrh14z\">Material<br \/>\n<\/span><\/strong><span class=\"_aupe copyable-text xkrh14z\">Tela e estrutura: A\u00e7o Inox 430<br \/>\n<\/span><span class=\"_aupe copyable-text xkrh14z\">Espessura da tela: 1,5 mm<br \/>\n<\/span><span class=\"_aupe copyable-text xkrh14z\">Cabo: Madeira com revestimento em alum\u00ednio (t\u00e9rmico)<\/span><\/p>\n<p class=\"_aupe copyable-text x15bjb6t x1n2onr6\"><span class=\"_aupe copyable-text xkrh14z\"><strong>Itens Inclusos<\/strong><br \/>\n<\/span><span class=\"_aupe copyable-text xkrh14z\">01 Grelha Moeda Inox com Ponteira 70&#215;40 cm\u00a0<\/span><\/p>\n<p class=\"_aupe copyable-text x15bjb6t x1n2onr6\"><strong><span class=\"_aupe copyable-text xkrh14z\">Compatibilidade<br \/>\n<\/span><\/strong><span class=\"_aupe copyable-text xkrh14z\">Pode ser utilizada em:<br \/>\n<\/span><span class=\"_aupe copyable-text xkrh14z\">Churrasqueiras de alvenaria com furos<br \/>\n<\/span><span class=\"_aupe copyable-text xkrh14z\">Suportes de vidro<br \/>\n<\/span><span class=\"_aupe copyable-text xkrh14z\">Churrasqueiras port\u00e1teis<br \/>\n<\/span><span class=\"_aupe copyable-text xkrh14z\">Estruturas met\u00e1licas ou suportes de grelha<\/span><\/p>\n","protected":false},"excerpt":{"rendered":"<p class=\"_aupe copyable-text x15bjb6t x1n2onr6\"><strong><span class=\"_aupe copyable-text xkrh14z\">Dimens\u00f5es<br \/>\n<\/span><\/strong><span class=\"_aupe copyable-text xkrh14z\">Largura: 40 cm<br \/>\n<\/span><span class=\"_aupe copyable-text xkrh14z\">\u00c1rea \u00fatil (profundidade): 50 cm<br \/>\n<\/span><span class=\"_aupe copyable-text xkrh14z\">Cabo: 15 cm<br \/>\n<\/span><span class=\"_aupe copyable-text xkrh14z\">Ponteira: 5 cm<br \/>\n<\/span><span class=\"_aupe copyable-text xkrh14z\">Profundidade total: 70 cm<\/span><\/p>\n","protected":false},"featured_media":2808,"template":"","meta":{"_joinchat":[]},"product_brand":[224],"product_cat":[40],"product_tag":[],"class_list":{"0":"post-2807","1":"product","2":"type-product","3":"status-publish","4":"has-post-thumbnail","6":"product_brand-laurindos","7":"product_cat-grelhas","9":"first","10":"instock","11":"shipping-taxable","12":"purchasable","13":"product-type-simple"},"_links":{"self":[{"href":"https:\/\/reidastelhas.com.br\/loja\/wp-json\/wp\/v2\/product\/2807","targetHints":{"allow":["GET"]}}],"collection":[{"href":"https:\/\/reidastelhas.com.br\/loja\/wp-json\/wp\/v2\/product"}],"about":[{"href":"https:\/\/reidastelhas.com.br\/loja\/wp-json\/wp\/v2\/types\/product"}],"wp:featuredmedia":[{"embeddable":true,"href":"https:\/\/reidastelhas.com.br\/loja\/wp-json\/wp\/v2\/media\/2808"}],"wp:attachment":[{"href":"https:\/\/reidastelhas.com.br\/loja\/wp-json\/wp\/v2\/media?parent=2807"}],"wp:term":[{"taxonomy":"product_brand","embeddable":true,"href":"https:\/\/reidastelhas.com.br\/loja\/wp-json\/wp\/v2\/product_brand?post=2807"},{"taxonomy":"product_cat","embeddable":true,"href":"https:\/\/reidastelhas.com.br\/loja\/wp-json\/wp\/v2\/product_cat?post=2807"},{"taxonomy":"product_tag","embeddable":true,"href":"https:\/\/reidastelhas.com.br\/loja\/wp-json\/wp\/v2\/product_tag?post=2807"}],"curies":[{"name":"wp","href":"https:\/\/api.w.org\/{rel}","templated":true}]}}